{"id":134,"date":"2017-01-08T05:23:55","date_gmt":"2017-01-07T21:23:55","guid":{"rendered":"http:\/\/orange-transfer.com\/?page_id=134"},"modified":"2025-01-13T18:36:00","modified_gmt":"2025-01-13T10:36:00","slug":"about-us","status":"publish","type":"page","link":"https:\/\/www.orange-transfer.com\/de\/uber-uns\/","title":{"rendered":"\u00dcBER UNS"},"content":{"rendered":"<h3>Mr Orange Transfers und Touren:<\/h3>\n<div><\/div>\n<div><\/div>\n<div>Mr Orange Transfer ist ein professionelles Limousinenservice-Unternehmen. Wir haben uns zum Ziel gesetzt, einen neuen und attraktiven Transferservice zu entwickeln und Ihnen ein gutes Produkt anzubieten, das Ihren Bed\u00fcrfnissen entspricht und gleichzeitig erschwinglich bleibt. Wir haben \u00fcber 1000 Bewertungen zu Transferservices ausgewertet und erfolgreich L\u00f6sungen f\u00fcr h\u00e4ufig auftretende Probleme bei Taxitransfers gefunden.<\/div>\n<div><\/div>\n<div><\/div>\n<div><\/div>\n<div><strong>1. Transferdienste sind teuer.<\/strong><\/div>\n<div>Wir geben keinen Cent f\u00fcr Werbung in Suchmaschinen aus, um unseren Preis 20% g\u00fcnstiger als die Konkurrenz zu machen. Alle unsere Kunden kommen durch Mundpropaganda zu uns<\/div>\n<div><\/div>\n<div><\/div>\n<div><\/div>\n<div><strong>2. Fahrer erscheinen nicht am Flughafen<\/strong><\/div>\n<div>Unsere Fahrer werden gebeten, ihre Arbeit jedes Mal in f\u00fcnf einfachen Schritten \u00fcber die App zu melden, damit wir genau wissen, wo sie sich befinden. Wir haben daf\u00fcr gesorgt, dass Sie Ihren Fahrer sofort sehen, wenn Sie den Flughafen verlassen.<\/div>\n<div><\/div>\n<div><\/div>\n<div><\/div>\n<div><strong>3. Das Auto ist schmutzig und riecht nach Rauch.<\/strong><\/div>\n<div>Dies wird bei unseren Autos nie passieren. Falls dies doch passiert, machen Sie ein Foto von der schmutzigen Stelle und senden Sie es uns per E-Mail. Wir erstatten Ihnen umgehend den vollen Betrag zur\u00fcck.<\/div>\n<div><\/div>\n<div><\/div>\n<div><\/div>\n<div><strong>4. Der Fahrer ist unh\u00f6flich und verlangt zu viel vom Kunden<\/strong><\/div>\n<div>Das wird Ihnen nie passieren. Unsere Fahrer haben ein 100-st\u00fcndiges Trainingsprogramm absolviert, sie kleiden sich immer formell und benehmen sich gut. Au\u00dferdem ist in unseren Preisen alles inklusive.<\/div>\n<div><\/div>\n<div><\/div>\n<div><\/div>\n<div><strong>5. Mein Flug hatte Versp\u00e4tung, der Fahrer war nicht da, als ich ausstieg.<\/strong><\/div>\n<div>Das wird Ihnen nie passieren. Alle unsere Fahrer und unser Betriebspersonal sind mit einer App zur Flugverfolgung ausgestattet. Sie best\u00e4tigen die Ankunftszeit am Ankunftstag doppelt.<\/div>","protected":false},"excerpt":{"rendered":"<p>Mr orange Transfers and Tours: Mr orange transfer is a professional limo service company&nbsp;, We aim on creating a new and nice&nbsp;transfer service, offering a good product that meets your needs, but doesn&#8217;t tear a hole in your pocket. We study&nbsp;on 1000+ reviews on transfer service and have successfully provided the solution to those problems [&hellip;]<\/p>","protected":false},"author":1,"featured_media":196,"parent":0,"menu_order":0,"comment_status":"closed","ping_status":"closed","template":"","meta":[],"_links":{"self":[{"href":"https:\/\/www.orange-transfer.com\/de\/wp-json\/wp\/v2\/pages\/134"}],"collection":[{"href":"https:\/\/www.orange-transfer.com\/de\/wp-json\/wp\/v2\/pages"}],"about":[{"href":"https:\/\/www.orange-transfer.com\/de\/wp-json\/wp\/v2\/types\/page"}],"author":[{"embeddable":true,"href":"https:\/\/www.orange-transfer.com\/de\/wp-json\/wp\/v2\/users\/1"}],"replies":[{"embeddable":true,"href":"https:\/\/www.orange-transfer.com\/de\/wp-json\/wp\/v2\/comments?post=134"}],"version-history":[{"count":3,"href":"https:\/\/www.orange-transfer.com\/de\/wp-json\/wp\/v2\/pages\/134\/revisions"}],"predecessor-version":[{"id":20272,"href":"https:\/\/www.orange-transfer.com\/de\/wp-json\/wp\/v2\/pages\/134\/revisions\/20272"}],"wp:featuredmedia":[{"embeddable":true,"href":"https:\/\/www.orange-transfer.com\/de\/wp-json\/wp\/v2\/media\/196"}],"wp:attachment":[{"href":"https:\/\/www.orange-transfer.com\/de\/wp-json\/wp\/v2\/media?parent=134"}],"curies":[{"name":"wp","href":"https:\/\/api.w.org\/{rel}","templated":true}]}}