{"id":35924,"date":"2025-03-18T15:09:50","date_gmt":"2025-03-18T07:09:50","guid":{"rendered":"https:\/\/www.orange-transfer.com\/?page_id=35924"},"modified":"2025-03-18T16:47:23","modified_gmt":"2025-03-18T08:47:23","slug":"travel-accident-insurance","status":"publish","type":"page","link":"https:\/\/www.orange-transfer.com\/de\/reiseunfallversicherung\/","title":{"rendered":"Reiseunfallversicherung"},"content":{"rendered":"<blockquote class=\"wp-block-quote\">\n<p>Sehr geehrte Kunden,<\/p>\n\n\n\n<p>Vielen Dank f\u00fcr Ihre Buchung des Mr. Orange Chartered Service. Als unser gesch\u00e4tzter Gast bieten wir Ihnen gerne eine kostenlose Reiseunfallversicherung im Wert von 50.000 RMB an. Bitte f\u00fcllen Sie die folgenden Informationen sorgf\u00e4ltig aus, um umfassenden Schutz f\u00fcr alle unvorhergesehenen Umst\u00e4nde zu gew\u00e4hrleisten, die w\u00e4hrend der Nutzung unseres Charterservices auftreten k\u00f6nnen.<\/p>\n\n\n\n<p>Bitte beachten Sie, dass dieses Versicherungsprodukt einen grundlegenden Schutz f\u00fcr Inlandsreiseunf\u00e4lle innerhalb Chinas bietet. Es ist auf lokale Risiken ausgerichtet und ersetzt keine umfassende internationale Reiseversicherung. F\u00fcr den Versicherungsschutz bei Auslandsreisen empfehlen wir Ihnen, sich an Ihren jeweiligen Versicherer zu wenden, um einen angemessenen Schutz zu gew\u00e4hrleisten.<\/p>\n\n\n\n<p><a href=\"https:\/\/www.orange-transfer.com\/de\/travel-happy-insurance-policy-pacific-insurance-cpic\/\" target=\"_blank\" rel=\"noreferrer noopener\"><strong>Mehr \u00fcber die Reiseunfallversicherung f\u00fcr China erfahren<\/strong>:<\/a><\/p>\n\n\n\n<p>Danke sch\u00f6n.<\/p>\n\n\n\n<p>David<\/p>\n\n\n\n<p>Herr Orange Transfer<\/p>\n<\/blockquote>\n\n\n\n<figure class=\"wp-block-image size-full\"><img decoding=\"async\" loading=\"lazy\" width=\"720\" height=\"480\" src=\"https:\/\/www.orange-transfer.com\/wp-content\/uploads\/2025\/03\/ac.jpg\" alt=\"\" class=\"wp-image-35949\" srcset=\"https:\/\/www.orange-transfer.com\/wp-content\/uploads\/2025\/03\/ac.jpg 720w, https:\/\/www.orange-transfer.com\/wp-content\/uploads\/2025\/03\/ac-300x200.jpg 300w, https:\/\/www.orange-transfer.com\/wp-content\/uploads\/2025\/03\/ac-600x400.jpg 600w\" sizes=\"(max-width: 720px) 100vw, 720px\" \/><\/figure>\n\n\n\n<h2>China-Reiseunfallversicherung:<\/h2>\n\n\n\n<p><strong>Wir empfehlen Ihnen, die folgenden Informationen sorgf\u00e4ltig auszuf\u00fcllen, um einen umfassenden Versicherungsschutz f\u00fcr alle unvorhergesehenen Umst\u00e4nde zu gew\u00e4hrleisten, die w\u00e4hrend der Nutzung unseres Charterdienstes auftreten k\u00f6nnen.<\/strong><\/p>\n\n\n\n\n<div class=\"wpcf7 no-js\" id=\"wpcf7-f35931-o1\" lang=\"en-US\" dir=\"ltr\">\n<div class=\"screen-reader-response\"><p role=\"status\" aria-live=\"polite\" aria-atomic=\"true\"><\/p> <ul><\/ul><\/div>\n<form action=\"\/de\/wp-json\/wp\/v2\/pages\/35924#wpcf7-f35931-o1\" method=\"post\" class=\"wpcf7-form init\" aria-label=\"Contact form\" novalidate=\"novalidate\" data-status=\"init\" data-trp-original-action=\"\/de\/wp-json\/wp\/v2\/pages\/35924#wpcf7-f35931-o1\">\n<div style=\"display: none;\">\n<input type=\"hidden\" name=\"_wpcf7\" value=\"35931\" \/>\n<input type=\"hidden\" name=\"_wpcf7_version\" value=\"5.7.5.1\" \/>\n<input type=\"hidden\" name=\"_wpcf7_locale\" value=\"en_US\" \/>\n<input type=\"hidden\" name=\"_wpcf7_unit_tag\" value=\"wpcf7-f35931-o1\" \/>\n<input type=\"hidden\" name=\"_wpcf7_container_post\" value=\"0\" \/>\n<input type=\"hidden\" name=\"_wpcf7_posted_data_hash\" value=\"\" \/>\n<\/div>\n<p><label> Ihr Name<br \/>\n<span class=\"wpcf7-form-control-wrap\" data-name=\"your-name\"><input size=\"40\" class=\"wpcf7-form-control wpcf7-text wpcf7-validates-as-required\" autocomplete=\"name\" aria-required=\"true\" aria-invalid=\"false\" value=\"\" type=\"text\" name=\"your-name\" \/><\/span> <\/label>\n<\/p>\n<p><label> Ihre E-Mail<br \/>\n<span class=\"wpcf7-form-control-wrap\" data-name=\"your-email\"><input size=\"40\" class=\"wpcf7-form-control wpcf7-text wpcf7-email wpcf7-validates-as-required wpcf7-validates-as-email\" autocomplete=\"email\" aria-required=\"true\" aria-invalid=\"false\" value=\"\" type=\"email\" name=\"your-email\" \/><\/span> <\/label>\n<\/p>\n<p><label> Buchungsreferenznummer<br \/>\n<span class=\"wpcf7-form-control-wrap\" data-name=\"Your-Bookingnumber\"><input size=\"40\" class=\"wpcf7-form-control wpcf7-text wpcf7-validates-as-required\" aria-required=\"true\" aria-invalid=\"false\" value=\"\" type=\"text\" name=\"Your-Bookingnumber\" \/><\/span> <\/label>\n<\/p>\n<p><label> Reisedatum<br \/>\n<span class=\"wpcf7-form-control-wrap\" data-name=\"Your-Traveldate\"><input class=\"wpcf7-form-control wpcf7-date wpcf7-validates-as-date\" aria-invalid=\"false\" value=\"\" type=\"date\" name=\"Your-Traveldate\" \/><\/span><br \/>\n<\/label>\n<\/p>\n<p><label> Nationalit\u00e4t<br \/>\n<span class=\"wpcf7-form-control-wrap\" data-name=\"Your-Nationality\"><input size=\"40\" class=\"wpcf7-form-control wpcf7-text wpcf7-validates-as-required\" aria-required=\"true\" aria-invalid=\"false\" value=\"\" type=\"text\" name=\"Your-Nationality\" \/><\/span> <\/label>\n<\/p>\n<p><label> Reisepassnummer<br \/>\n<span class=\"wpcf7-form-control-wrap\" data-name=\"Your-PassportNumber\"><input size=\"40\" class=\"wpcf7-form-control wpcf7-text wpcf7-validates-as-required\" aria-required=\"true\" aria-invalid=\"false\" value=\"\" type=\"text\" name=\"Your-PassportNumber\" \/><\/span> <\/label>\n<\/p>\n<p><label> Geburtsdatum<br \/>\n<span class=\"wpcf7-form-control-wrap\" data-name=\"Your-Birthdate\"><input class=\"wpcf7-form-control wpcf7-date wpcf7-validates-as-date\" aria-invalid=\"false\" value=\"\" type=\"date\" name=\"Your-Birthdate\" \/><\/span><br \/>\n<\/label>\n<\/p>\n<p><label> Leistungspositionen und -datum<br \/>\n<span class=\"wpcf7-form-control-wrap\" data-name=\"your-message\"><textarea cols=\"40\" rows=\"10\" class=\"wpcf7-form-control wpcf7-textarea\" aria-invalid=\"false\" name=\"your-message\"><\/textarea><\/span> <\/label>\n<\/p>\n<p><span class=\"wpcf7-form-control-wrap kc_captcha\" data-name=\"kc_captcha\"><span class=\"wpcf7-form-control wpcf7-radio\"><span class=\"captcha-image\" ><span class=\"cf7ic_instructions\">Bitte beweise, dass du kein Spambot bist und w\u00e4hle das Symbol<span> LKW<\/span>.<\/span><label><input aria-label=\"1\" type=\"radio\" name=\"kc_captcha\" value=\"bot\" \/><svg width=\"50\" height=\"50\" aria-hidden=\"true\" role=\"img\" xmlns=\"http:\/\/www.w3.org\/2000\/svg\" viewbox=\"0 0 640 512\"><path fill=\"currentColor\" d=\"M192 384h192c53 0 96-43 96-96h32a128 128 0 000-256H120c-13 0-24 11-24 24v232c0 53 43 96 96 96zM512 96a64 64 0 010 128h-32V96h32zm48 384H48c-47 0-61-64-36-64h584c25 0 11 64-36 64z\"\/><\/svg><\/label><label><input aria-label=\"2\" type=\"radio\" name=\"kc_captcha\" value=\"bot\" \/><svg width=\"50\" height=\"50\" aria-hidden=\"true\" role=\"img\" xmlns=\"http:\/\/www.w3.org\/2000\/svg\" viewbox=\"0 0 512 512\"><path fill=\"currentColor\" d=\"M350 99c-54 0-98-35-166-35-25 0-47 4-68 12a56 56 0 004-24C118 24 95 1 66 0a56 56 0 00-34 102v386c0 13 11 24 24 24h16c13 0 24-11 24-24v-94c28-12 64-23 114-23 54 0 98 35 166 35 48 0 86-16 122-41 9-6 14-15 14-26V96c0-23-24-39-45-29-35 16-77 32-117 32z\"\/><\/svg><\/label><label><input aria-label=\"3\" type=\"radio\" name=\"kc_captcha\" value=\"kc_human\" \/><svg width=\"50\" height=\"50\" aria-hidden=\"true\" role=\"img\" xmlns=\"http:\/\/www.w3.org\/2000\/svg\" viewbox=\"0 0 640 512\"><path fill=\"currentColor\" d=\"M624 352h-16V244c0-13-5-25-14-34L494 110c-9-9-21-14-34-14h-44V48c0-26-21-48-48-48H48C22 0 0 22 0 48v320c0 27 22 48 48 48h16a96 96 0 00192 0h128a96 96 0 00192 0h48c9 0 16-7 16-16v-32c0-9-7-16-16-16zM160 464a48 48 0 110-96 48 48 0 010 96zm320 0a48 48 0 110-96 48 48 0 010 96zm80-208H416V144h44l100 100v12z\"\/><\/svg><\/label>\r\n    <\/span>\r\n    <span style=\"display:none\">\r\n        <input type=\"text\" name=\"kc_honeypot\">\r\n    <\/span><\/span><\/span>\n<\/p>\n<p><input class=\"wpcf7-form-control has-spinner wpcf7-submit\" type=\"submit\" value=\"Einreichen\" \/>\n<\/p><div class=\"wpcf7-response-output\" aria-hidden=\"true\"><\/div>\n<input type=\"hidden\" name=\"trp-form-language\" value=\"de\"\/><\/form>\n<\/div>","protected":false},"excerpt":{"rendered":"<p>Dear Customers: Thank you for booking Mr. Orange Chartered Service. As our valued guest, we are pleased to provide you with a complimentary travel accident insurance policy worth RMB 50,000. We kindly advise you to carefully complete the information below to ensure comprehensive coverage for any unforeseen circumstances that may arise during your use of [&hellip;]<\/p>","protected":false},"author":3,"featured_media":0,"parent":0,"menu_order":0,"comment_status":"closed","ping_status":"closed","template":"","meta":[],"_links":{"self":[{"href":"https:\/\/www.orange-transfer.com\/de\/wp-json\/wp\/v2\/pages\/35924"}],"collection":[{"href":"https:\/\/www.orange-transfer.com\/de\/wp-json\/wp\/v2\/pages"}],"about":[{"href":"https:\/\/www.orange-transfer.com\/de\/wp-json\/wp\/v2\/types\/page"}],"author":[{"embeddable":true,"href":"https:\/\/www.orange-transfer.com\/de\/wp-json\/wp\/v2\/users\/3"}],"replies":[{"embeddable":true,"href":"https:\/\/www.orange-transfer.com\/de\/wp-json\/wp\/v2\/comments?post=35924"}],"version-history":[{"count":7,"href":"https:\/\/www.orange-transfer.com\/de\/wp-json\/wp\/v2\/pages\/35924\/revisions"}],"predecessor-version":[{"id":35975,"href":"https:\/\/www.orange-transfer.com\/de\/wp-json\/wp\/v2\/pages\/35924\/revisions\/35975"}],"wp:attachment":[{"href":"https:\/\/www.orange-transfer.com\/de\/wp-json\/wp\/v2\/media?parent=35924"}],"curies":[{"name":"wp","href":"https:\/\/api.w.org\/{rel}","templated":true}]}}