{"id":75,"date":"2017-01-05T09:01:06","date_gmt":"2017-01-05T01:01:06","guid":{"rendered":"http:\/\/orange-transfer.com\/?page_id=75"},"modified":"2017-01-07T13:17:14","modified_gmt":"2017-01-07T05:17:14","slug":"beijing-train-station-transfer","status":"publish","type":"page","link":"https:\/\/www.orange-transfer.com\/de\/beijing-train-station-transfer\/","title":{"rendered":"Beijing train station transfer"},"content":{"rendered":"<h3>\u00a0<a href=\"http:\/\/www.orange-transfer.com\/wp-content\/uploads\/2017\/01\/123da.png\"><img decoding=\"async\" loading=\"lazy\" class=\"alignnone size-full wp-image-120\" src=\"http:\/\/www.orange-transfer.com\/wp-content\/uploads\/2017\/01\/123da.png\" alt=\"\" width=\"1187\" height=\"422\" srcset=\"https:\/\/www.orange-transfer.com\/wp-content\/uploads\/2017\/01\/123da.png 1187w, https:\/\/www.orange-transfer.com\/wp-content\/uploads\/2017\/01\/123da-600x213.png 600w, https:\/\/www.orange-transfer.com\/wp-content\/uploads\/2017\/01\/123da-300x107.png 300w, https:\/\/www.orange-transfer.com\/wp-content\/uploads\/2017\/01\/123da-768x273.png 768w, https:\/\/www.orange-transfer.com\/wp-content\/uploads\/2017\/01\/123da-1024x364.png 1024w\" sizes=\"(max-width: 1187px) 100vw, 1187px\" \/><\/a><\/h3>\n<p><a href=\"http:\/\/www.orange-transfer.com\/wp-content\/uploads\/2017\/01\/hook.png\"><img decoding=\"async\" loading=\"lazy\" class=\"alignnone size-full wp-image-36\" src=\"http:\/\/www.orange-transfer.com\/wp-content\/uploads\/2017\/01\/hook.png\" alt=\"\" width=\"31\" height=\"34\" \/><\/a>Transfers zum und vom Flughafen Peking ab 25 USD\/Person<\/p>\n<p><a href=\"http:\/\/www.orange-transfer.com\/wp-content\/uploads\/2017\/01\/hook.png\"><img decoding=\"async\" loading=\"lazy\" class=\"alignnone size-full wp-image-36\" src=\"http:\/\/www.orange-transfer.com\/wp-content\/uploads\/2017\/01\/hook.png\" alt=\"\" width=\"31\" height=\"34\" \/><\/a>Meet &amp; Greet \/ Warten &amp; Parken \/ Flugverfolgung inklusive<\/p>\n<p><a href=\"http:\/\/www.orange-transfer.com\/wp-content\/uploads\/2017\/01\/hook.png\"><img decoding=\"async\" loading=\"lazy\" class=\"alignnone size-full wp-image-36\" src=\"http:\/\/www.orange-transfer.com\/wp-content\/uploads\/2017\/01\/hook.png\" alt=\"\" width=\"31\" height=\"34\" \/><\/a>Der Fahrer ist formell gekleidet, hat ein gutes Benehmen, ein sauberes Auto und bietet stets einen zuverl\u00e4ssigen Service.<\/p>\n<p><a href=\"http:\/\/www.orange-transfer.com\/wp-content\/uploads\/2017\/01\/hook.png\"><img decoding=\"async\" loading=\"lazy\" class=\"alignnone size-full wp-image-36\" src=\"http:\/\/www.orange-transfer.com\/wp-content\/uploads\/2017\/01\/hook.png\" alt=\"\" width=\"31\" height=\"34\" \/><\/a>Buchen Sie innerhalb weniger Minuten ein Taxi und bezahlen Sie bar oder mit Karte (online)<\/p>\n<p><a href=\"http:\/\/www.orange-transfer.com\/wp-content\/uploads\/2017\/01\/hook.png\"><img decoding=\"async\" loading=\"lazy\" class=\"alignnone size-full wp-image-36\" src=\"http:\/\/www.orange-transfer.com\/wp-content\/uploads\/2017\/01\/hook.png\" alt=\"\" width=\"31\" height=\"34\" \/><\/a>Erschwingliche Preise und ein gutes Preis-Leistungs-Verh\u00e4ltnis bei jeder Gelegenheit<\/p>\n<p><a href=\"http:\/\/www.orange-transfer.com\/wp-content\/uploads\/2017\/01\/hook.png\"><img decoding=\"async\" loading=\"lazy\" class=\"alignnone size-full wp-image-36\" src=\"http:\/\/www.orange-transfer.com\/wp-content\/uploads\/2017\/01\/hook.png\" alt=\"\" width=\"31\" height=\"34\" \/><\/a>Fahrzeuge f\u00fcr bis zu 8 Passagiere + Gep\u00e4ck verf\u00fcgbar<\/p>\n<p>&nbsp;<\/p>\n<p><img decoding=\"async\" loading=\"lazy\" class=\"alignnone size-full wp-image-22\" src=\"http:\/\/www.orange-transfer.com\/wp-content\/uploads\/2017\/01\/new2.png\" alt=\"\" width=\"800\" height=\"300\" srcset=\"https:\/\/www.orange-transfer.com\/wp-content\/uploads\/2017\/01\/new2.png 800w, https:\/\/www.orange-transfer.com\/wp-content\/uploads\/2017\/01\/new2-600x225.png 600w, https:\/\/www.orange-transfer.com\/wp-content\/uploads\/2017\/01\/new2-300x113.png 300w, https:\/\/www.orange-transfer.com\/wp-content\/uploads\/2017\/01\/new2-768x288.png 768w\" sizes=\"(max-width: 800px) 100vw, 800px\" \/><\/p>\n<p>\u201cWe pride ourselves as the UNIQUE Beijing local travel agency that provides a secure, reliable, fast and serene airport and train transfer service, with a 24-7 customer service. We don\u2019t just assist our customers with hotel and airport staff communication but we are also efficient in handling unanticipated circumstances such as lost luggage, visa problems amongst many others. In case your luggage gets missing, you can be rest assured that we will launch an immediate luggage search to find it.<\/p>\n<p>Choose us and make an exceptional start to your China trip!\u201d<\/p>\n<p>&nbsp;<\/p>\n<h3>\u00a0Wie stellen wir sicher, dass unsere Dienstleistungen immer zuverl\u00e4ssig und p\u00fcnktlich sind:<\/h3>\n<p>&nbsp;<\/p>\n<p><strong>1, Our driver are requested to\u00a0report their work in 5 procedures via Wechat app every time.<\/strong><\/p>\n<p><a href=\"http:\/\/www.orange-transfer.com\/wp-content\/uploads\/2017\/01\/wechat-1.png\"><img decoding=\"async\" loading=\"lazy\" class=\"alignnone wp-image-70 size-large\" src=\"http:\/\/www.orange-transfer.com\/wp-content\/uploads\/2017\/01\/wechat-1-1024x262.png\" width=\"1024\" height=\"262\" srcset=\"https:\/\/www.orange-transfer.com\/wp-content\/uploads\/2017\/01\/wechat-1-1024x262.png 1024w, https:\/\/www.orange-transfer.com\/wp-content\/uploads\/2017\/01\/wechat-1-600x154.png 600w, https:\/\/www.orange-transfer.com\/wp-content\/uploads\/2017\/01\/wechat-1-300x77.png 300w, https:\/\/www.orange-transfer.com\/wp-content\/uploads\/2017\/01\/wechat-1-768x197.png 768w, https:\/\/www.orange-transfer.com\/wp-content\/uploads\/2017\/01\/wechat-1.png 1835w\" sizes=\"(max-width: 1024px) 100vw, 1024px\" \/><\/a><\/p>\n<p>&nbsp;<\/p>\n<p><strong>2,\u00a0Before getting to Beijing, you\u2019ll receive the following information from us:<\/strong><\/p>\n<p>Driver&#8217;s name<\/p>\n<p>Driver&#8217;s photo<\/p>\n<p>Driver&#8217;s contact Number<\/p>\n<p>Vehicle&#8217;s plate Number<\/p>\n<p>Vehicle&#8217;s branding<\/p>\n<p>Kapazit\u00e4t f\u00fcr Kunden und Sprachen<\/p>\n<p>Elektronische Karte von Peking<\/p>\n<p>Anweisungen des Pekinger Bahnhofs<\/p>\n<p>&nbsp;<\/p>\n<h3>Itinerary:<\/h3>\n<p><strong>Beijing Arrival<\/strong><\/p>\n<p>Upon arrival in Beijing airport or train station, walk to the designated position as shown in the picture. There, you will meet our driver.\u00a0In case you are unable to see our driver (this has never happened before), we strongly suggest you try the following procedure to get in touch with us. We will do our best to solve your problem on the spot.<\/p>\n<p>Go to the information desk opposite the terminal exit (staff there speak English and are always ready to help), and ask the staff to make a phone call to your guide.<\/p>\n<p>Rufen Sie unsere rund um die Uhr erreichbare Notfallnummer an, die in unserem Best\u00e4tigungsschreiben angegeben ist, und bitten Sie um Hilfe.<\/p>\n<p>&nbsp;<\/p>\n<h3>Das Willkommensschild von Mr. Orange f\u00e4llt in der Menge der Wartenden am meisten auf. Und Sie werden es sofort erkennen:<\/h3>\n<p><a href=\"http:\/\/www.orange-transfer.com\/wp-content\/uploads\/2017\/01\/wait.png\"><img decoding=\"async\" loading=\"lazy\" class=\"alignnone size-full wp-image-40\" src=\"http:\/\/www.orange-transfer.com\/wp-content\/uploads\/2017\/01\/wait.png\" alt=\"\" width=\"800\" height=\"400\" srcset=\"https:\/\/www.orange-transfer.com\/wp-content\/uploads\/2017\/01\/wait.png 800w, https:\/\/www.orange-transfer.com\/wp-content\/uploads\/2017\/01\/wait-600x300.png 600w, https:\/\/www.orange-transfer.com\/wp-content\/uploads\/2017\/01\/wait-300x150.png 300w, https:\/\/www.orange-transfer.com\/wp-content\/uploads\/2017\/01\/wait-768x384.png 768w\" sizes=\"(max-width: 800px) 100vw, 800px\" \/><\/a><\/p>\n<p><strong>Driver &amp; Guide Service<\/strong><\/p>\n<p>Unser Fahrer kann Ihnen die n\u00e4chstgelegene Toilette und Wechselstube zeigen. Fragen Sie Ihren Reiseleiter, wenn Sie Geld in chinesische Yuan wechseln m\u00f6chten.<\/p>\n<p>Im Hotel\/Flughafen hilft Ihnen Ihr Fahrer mit dem Gep\u00e4ck und den Check-in-Formalit\u00e4ten.<\/p>\n<p>Die Kofferr\u00e4ume unserer Fahrzeuge bieten ausreichend Platz f\u00fcr Ihr Gep\u00e4ck.<\/p>\n<p>Unsere Fahrzeuge sind mit WLAN, GPS-Ger\u00e4ten und einem Kindersitz ausgestattet. Bitte fragen Sie Ihren Fahrer, ob Sie einen Kindersitz ben\u00f6tigen.<\/p>\n<p>Sie haben kurz Zeit, Ihr Zimmer aufzusuchen und sich frisch zu machen. Anschlie\u00dfend nehmen Sie optional an einer 30-min\u00fctigen Einf\u00fchrungstour durch Ihr Hotel teil, die Ihr Reiseleiter Ihnen anbietet. W\u00e4hrend dieser kurzen Tour empfiehlt Ihnen Ihr Reiseleiter die besten Restaurants und Einkaufsm\u00f6glichkeiten. Er markiert diese auf Ihrer Karte, damit Sie sp\u00e4ter ganz einfach selbst dorthin finden.<\/p>\n<p><strong>\u00a0<\/strong><\/p>\n<p><strong>Unsere Fahrzeuge:<\/strong><\/p>\n<p>Unsere Fahrzeuge sind mit einem GPS-System und einem WLAN-Ger\u00e4t ausgestattet.<\/p>\n<p>&nbsp;<\/p>\n<p><a href=\"http:\/\/www.orange-transfer.com\/wp-content\/uploads\/2017\/01\/TYPE6.png\"><img decoding=\"async\" loading=\"lazy\" class=\"alignnone size-full wp-image-84\" src=\"http:\/\/www.orange-transfer.com\/wp-content\/uploads\/2017\/01\/TYPE6.png\" alt=\"\" width=\"800\" height=\"386\" srcset=\"https:\/\/www.orange-transfer.com\/wp-content\/uploads\/2017\/01\/TYPE6.png 800w, https:\/\/www.orange-transfer.com\/wp-content\/uploads\/2017\/01\/TYPE6-600x290.png 600w, https:\/\/www.orange-transfer.com\/wp-content\/uploads\/2017\/01\/TYPE6-300x145.png 300w, https:\/\/www.orange-transfer.com\/wp-content\/uploads\/2017\/01\/TYPE6-768x371.png 768w\" sizes=\"(max-width: 800px) 100vw, 800px\" \/><\/a><\/p>\n<p>&nbsp;<\/p>\n<h3>Warum Mr Orange w\u00e4hlen:<\/h3>\n<p>1,Vergleichen mit<strong> Schnellbahn<\/strong> Unser Transferservice ist privat und komfortabel. Unser Fahrer begr\u00fc\u00dft Sie mit einem Schild an der angegebenen Position. Wir sorgen f\u00fcr einen reibungslosen Ablauf.<\/p>\n<p>2. Vergleichen Sie mit <strong>Flughafentaxi-Service<\/strong> Wir sind 40%. G\u00fcnstiger und ohne Aufpreis. Unsere Vans sind komfortabel und rauchfrei. Unsere Fahrer sind formell gekleidet und stets gut erzogen. Wir bieten rund um die Uhr einen englischsprachigen Kundenservice.<\/p>\n<p>3. Vergleichen Sie mit <strong>Flughafen-Shuttlebus<\/strong> Wir bieten einen privaten Transfer, sodass Sie nicht auf einen festen Abfahrtsplan warten m\u00fcssen. Wir sind unkompliziert und setzen Sie garantiert an jedem beliebigen Ort auf der Peking-Karte ab. Unser Van bietet ausreichend Platz f\u00fcr Sie und Ihre Familie. Wir sorgen f\u00fcr einen reibungslosen Ablauf.<\/p>\n<p>&nbsp;<\/p>\n<h3>Beijing railway stations:<\/h3>\n<p>&nbsp;<\/p>\n<p><strong>There are 4 railway stations in Beijing, You can easily recognize them from the station&#8217;s name shown on your train tickets:<\/strong><\/p>\n<p>&nbsp;<\/p>\n<p><strong>1\uff0cBeijing Railway Station ( Beijing )<\/strong><\/p>\n<p><a href=\"http:\/\/www.orange-transfer.com\/wp-content\/uploads\/2017\/01\/hc1.jpg\"><img decoding=\"async\" loading=\"lazy\" class=\"alignnone size-full wp-image-96\" src=\"http:\/\/www.orange-transfer.com\/wp-content\/uploads\/2017\/01\/hc1.jpg\" alt=\"\" width=\"535\" height=\"278\" srcset=\"https:\/\/www.orange-transfer.com\/wp-content\/uploads\/2017\/01\/hc1.jpg 535w, https:\/\/www.orange-transfer.com\/wp-content\/uploads\/2017\/01\/hc1-300x156.jpg 300w\" sizes=\"(max-width: 535px) 100vw, 535px\" \/><\/a><br \/>\n<strong>Add:<\/strong> Beijing Zhan Jie, Dongcheng District ( centrally located just south of Beijing International Hotel) Tel: 51019999<br \/>\n<strong>The trains departing from Beijing Railway Station:<\/strong> Datong, Chengde, Hohhot, Harbin, Shenyang, Dalian, Qingdao, Jinan, Shanghai, Nanjing Hangzhou and other cities from this station. Some international lines ( namely the railway line linking Beijing to Pyongyang, North Korea (DPRK), amongst others), also depart from this station.<br \/>\n<strong>2\uff0cBeijing West Railway Station ( Beijing West )<\/strong><\/p>\n<p><a href=\"http:\/\/www.orange-transfer.com\/wp-content\/uploads\/2017\/01\/bjx-2.jpg\"><img decoding=\"async\" loading=\"lazy\" class=\"alignnone size-full wp-image-118\" src=\"http:\/\/www.orange-transfer.com\/wp-content\/uploads\/2017\/01\/bjx-2.jpg\" alt=\"\" width=\"533\" height=\"278\" srcset=\"https:\/\/www.orange-transfer.com\/wp-content\/uploads\/2017\/01\/bjx-2.jpg 533w, https:\/\/www.orange-transfer.com\/wp-content\/uploads\/2017\/01\/bjx-2-300x156.jpg 300w\" sizes=\"(max-width: 533px) 100vw, 533px\" \/><\/a><br \/>\n<strong>Address:<\/strong> Lianhuachi Donglu, Fengtai District ( just south of Military Museum of the Chinese People&#8217;s Revolution\uff09Tel: 51826253<br \/>\n<strong>The trains departing from Beijing West Railway Station:<\/strong> Xian, Luoyang, Chongqing, Chengdu, Lhasa, Urumqi, Guangzhou and Kowloon.<\/p>\n<p>&nbsp;<\/p>\n<p><strong>3\uff0cBeijing South Railway Station ( Beijing South )<\/strong><\/p>\n<p><a href=\"http:\/\/www.orange-transfer.com\/wp-content\/uploads\/2017\/01\/bjn-2.jpg\"><img decoding=\"async\" loading=\"lazy\" class=\"alignnone size-full wp-image-98\" src=\"http:\/\/www.orange-transfer.com\/wp-content\/uploads\/2017\/01\/bjn-2.jpg\" alt=\"\" width=\"533\" height=\"274\" srcset=\"https:\/\/www.orange-transfer.com\/wp-content\/uploads\/2017\/01\/bjn-2.jpg 533w, https:\/\/www.orange-transfer.com\/wp-content\/uploads\/2017\/01\/bjn-2-300x154.jpg 300w\" sizes=\"(max-width: 533px) 100vw, 533px\" \/><\/a><br \/>\n<strong>Address:<\/strong> Yongdingmenwai Dajie, Dongcheng District ( just south of the southern second ring road) Tel: 51867999<br \/>\n<strong>The trains departing from Beijing South Railway Station:<\/strong> serving as the terminus for high-speed trains to Tianjin, Jinan, Shanghai, Qingdao and other cities.<\/p>\n<p>&nbsp;<\/p>\n<p><strong>4\uff0cBeijing North Railway Station ( Beijing North )<\/strong><\/p>\n<p><a href=\"http:\/\/www.orange-transfer.com\/wp-content\/uploads\/2017\/01\/bjb-1.jpg\"><img decoding=\"async\" loading=\"lazy\" class=\"alignnone size-full wp-image-97\" src=\"http:\/\/www.orange-transfer.com\/wp-content\/uploads\/2017\/01\/bjb-1.jpg\" alt=\"\" width=\"534\" height=\"276\" srcset=\"https:\/\/www.orange-transfer.com\/wp-content\/uploads\/2017\/01\/bjb-1.jpg 534w, https:\/\/www.orange-transfer.com\/wp-content\/uploads\/2017\/01\/bjb-1-300x155.jpg 300w\" sizes=\"(max-width: 534px) 100vw, 534px\" \/><\/a><br \/>\n<strong>Add:<\/strong> Xizhimen, Xicheng District (just to the east of Beijing Zoo.) Tel: 51866223<br \/>\n<strong>The trains departing from Beijing North Railway Station:<\/strong> offering regular intercity train services to the north and northwest, including the Huhhot-Manzhouli Grasslands Express (K274\/K275\/K277). It is also the southern terminus for the S2 Trains of from the downtown Beijing to Badaling Great Wall.<\/p>\n<p>&nbsp;<\/p>\n<h3><strong>FAQs zu den Transferservices<\/strong><\/h3>\n<h4><strong>Was passiert, wenn mein Flug Versp\u00e4tung hat?<\/strong><\/h4>\n<ol>\n<li>Wir behalten Ihren Flugstatus im Auge. Wir best\u00e4tigen Ihre Boarding-Informationen eine Stunde nach Ihrem geplanten Abflug bei der Fluggesellschaft. Wir erhalten die Best\u00e4tigung, dass Sie an Bord sind und Ihr Flug p\u00fcnktlich startet.<\/li>\n<\/ol>\n<ol start=\"2\">\n<li>Mithilfe einer mobilen App \u00fcberpr\u00fcfen unser Betriebspersonal und unser Reiseleiter die Ankunftszeit am Anreisetag. Wir nutzen eine Echtzeit-Flugverfolgung. Unser Reiseleiter ist 10 Minuten vor Ihrer Ankunftszeit am Terminal. Sie haben nach Ihrer Ankunft mindestens 30 Minuten bis eine Stunde Zeit, um den Zoll zu passieren und Ihr Gep\u00e4ck abzuholen.<\/li>\n<\/ol>\n<p>Mobile App f\u00fcr Fluginformationen in Echtzeit<\/p>\n<p><strong>Was passiert, wenn mein Flug zu fr\u00fch oder zu sp\u00e4t ankommt?<\/strong><\/p>\n<p>F\u00fcr Fl\u00fcge, die vor 6 Uhr morgens oder nach 22 Uhr abends ankommen, bieten wir ausschlie\u00dflich einen Fahrertransfer an. Unsere Fahrer sind erfahren und sprechen ein wenig Englisch. Um eine reibungslose Kommunikation zwischen Ihnen und dem Fahrer zu gew\u00e4hrleisten, haben wir ein zweisprachiges Anweisungsblatt erstellt, das der Fahrer mit sich f\u00fchrt und eine Reihe von Fragen und Antworten auf Chinesisch und Englisch enth\u00e4lt. Sie k\u00f6nnen au\u00dferdem einen \u00dcbersetzer kontaktieren, indem Sie einen unserer Notfallkontakte anrufen. Wir werden unser Bestes tun, um Ihr Problem sofort zu l\u00f6sen.<\/p>\n<p><strong>Wie viel Gewicht darf ich nach China mitnehmen? Und wie viel muss ich f\u00fcr \u00dcbergewicht bezahlen?<\/strong><\/p>\n<p>Die \u00fcblichen Gewichtsbeschr\u00e4nkungen f\u00fcr internationale Fl\u00fcge liegen zwischen 20 und 40 kg. F\u00fcr Inlandsfl\u00fcge betr\u00e4gt die Gewichtsbeschr\u00e4nkung 20 kg. F\u00fcr \u00dcbergewicht wird eine Geb\u00fchr von 1,51 TP3T des Gesamtflugpreises pro zus\u00e4tzlichem Kilo erhoben. Bitte best\u00e4tigen Sie dies Ihrer Fluggesellschaft. Sollten Sie \u00dcbergep\u00e4ck oder Sperrgep\u00e4ck mitf\u00fchren, informieren Sie uns bitte dar\u00fcber, damit wir die notwendigen Vorkehrungen treffen k\u00f6nnen, falls eine besondere Behandlung f\u00fcr Ihr Gep\u00e4ck (Sperrgep\u00e4ck) erforderlich ist.<\/p>\n<p><strong>Was soll ich tun, wenn mein China-Visum abl\u00e4uft?<\/strong><\/p>\n<p>Kein Grund zur Panik, wenn Ihr China-Visum bald abl\u00e4uft. Informieren Sie uns einfach und bitten Sie Ihren Reiseleiter, Sie zur Verl\u00e4ngerung Ihres Visums zum Pekinger Einreise- und Ausreiseb\u00fcro zu begleiten. Unser B\u00fcro in Peking kann Ihnen ein Dokument ausstellen, das Ihren Touristenstatus und Ihr Abreisedatum best\u00e4tigt. Normalerweise dauert das Verfahren drei Werktage.<\/p>\n<p>Der Abhol- und Bringbereich des Hotels sollte sich innerhalb der mittleren Ringstra\u00dfe von Peking befinden. F\u00fcr weitere Entfernungen fallen m\u00f6glicherweise zus\u00e4tzliche Kosten f\u00fcr den Transfer an. Ihr Reiseberater wird Sie dar\u00fcber informieren.<\/p>\n<p>Wenn wir aufgrund von Krieg, \u00dcberschwemmung, Taifun, Feuer, Streik, Sturm, Erdbeben oder anderen unvorhergesehenen Umst\u00e4nden nicht in der Lage sind, die Vertragsbedingungen einzuhalten, informieren wir den Kunden schnellstm\u00f6glich und bieten die bestm\u00f6glichen L\u00f6sungen an. Die endg\u00fcltige Rechnung wird auf Grundlage der tats\u00e4chlich erbrachten Leistungen beglichen.<\/p>\n<ul>\n<li><strong>Bis 7 Tage vor Reiseantritt:<\/strong> 100% R\u00fcckerstattung aller gezahlten Betr\u00e4ge, ausgenommen etwaiger Strafgeb\u00fchren von Hotels, Bahnen, Fluggesellschaften und PayPal. Alle Strafgeb\u00fchren werden einzeln aufgef\u00fchrt.<\/li>\n<li><strong>Von 3 bis 7 Tage vor Abflug:<\/strong> 90% R\u00fcckerstattung, ausgenommen etwaige Strafgeb\u00fchren von Hotels, Bahnen, Fluggesellschaften und PayPal. Alle Strafgeb\u00fchren werden einzeln aufgef\u00fchrt.<\/li>\n<li><strong>Innerhalb von 3 Tagen vor Abflug:<\/strong> keine R\u00fcckerstattung.<\/li>\n<\/ul>\n<p>Wir bedauern, dass wir nach Beginn der Tour keine Betr\u00e4ge f\u00fcr stornierte Leistungen aufgrund von Nichtteilnahme, vorzeitiger Abreise, versp\u00e4teter Ankunft oder verpassten Tourtagen erstatten k\u00f6nnen.<\/p>\n<ul>\n<li><strong>F\u00fcr Gruppen ab 10 Personen:<\/strong> Dies wird von Fall zu Fall gehandhabt. Bitte wenden Sie sich bez\u00fcglich der Stornierungsbedingungen f\u00fcr Ihre Gruppe an Ihren Reiseberater.<\/li>\n<\/ul>\n<p><strong>Was uns unterscheidet:<\/strong><\/p>\n<p>Wir organisieren Ihren Reiseleiter, sobald wir Ihre Reise best\u00e4tigt haben. Vor Ihrer Abreise erhalten Sie die Kontaktdaten und Fotos Ihres Reiseleiters. Sie k\u00f6nnen Ihren Reiseleiter vor der Abreise gerne anrufen.<\/p>\n<p><strong>Selbstbewusst und zuverl\u00e4ssig<\/strong><\/p>\n<p>Wir stellen unseren Kunden kompetente und zuverl\u00e4ssige Fahrer zur Verf\u00fcgung. Unsere Fahrer sind mit den Routen zu Touristenzielen, Hotels und Restaurants vertraut.<\/p>\n<p><strong>\u00dcber unsere Fahrzeuge<\/strong><\/p>\n<p>Unsere Fahrzeuge sind bei der Pekinger Tourismusbeh\u00f6rde zugelassen und registriert.<\/p>\n<p>Unser Fahrzeug ist mit WLAN, Kindersitz (falls erforderlich), GPS und Verkehrsmeldungssoftware ausgestattet. Um Zeit zu sparen und Staus zu vermeiden, informiert unsere Verkehrsmeldungssoftware Ihren Fahrer \u00fcber die Verkehrslage vor Ihnen.<\/p>\n<p>Wir ersetzen unsere Tourfahrzeuge alle 4 Jahre, sodass Ihr Tourfahrzeug weniger als 2 Jahre alt ist.<\/p>\n<p>Damit Sie sich einen Eindruck von Ihrem Reiseauto machen k\u00f6nnen, senden wir Ihnen vor Ihrer Abreise Fotos unseres Reiseautos zu.<\/p>\n<p>Alle unsere Fahrzeuge sind versichert und jeder Sitzplatz ist bis zu 50.000 RMB versichert.<\/p>\n<p><strong>Sicher und komfortabel<\/strong><\/p>\n<p>Wir haben Erfahrung im Umgang mit unvorhersehbaren Situationen wie der Suche nach verlorenem Gep\u00e4ck, Visaproblemen usw. Unser Reiseleiter und Fahrer sind freundlich, engagiert und helfen Ihnen gerne weiter! Wenn Sie Hilfe ben\u00f6tigen, wenden Sie sich bitte an Ihren Reiseleiter.<\/p>\n<p>An unserem Standort in Peking sind \u00fcber 50 erfahrene Mitarbeiter vor Ort, die Ihre Probleme vor Ort l\u00f6sen.<\/p>","protected":false},"excerpt":{"rendered":"<p>\u00a0 Transfers to &amp; from Beijing Airport starting from 25usd\/person Meet &amp; Greet \/ Waiting &amp; Parking \/ Flight Tracking included Driver dress in formal, Well behaved, with clean car and reliable service everytime Book a taxi within minutes and pay by cash or card (online) Affordable prices and value for money on each occasion [&hellip;]<\/p>","protected":false},"author":1,"featured_media":0,"parent":0,"menu_order":0,"comment_status":"closed","ping_status":"closed","template":"","meta":[],"_links":{"self":[{"href":"https:\/\/www.orange-transfer.com\/de\/wp-json\/wp\/v2\/pages\/75"}],"collection":[{"href":"https:\/\/www.orange-transfer.com\/de\/wp-json\/wp\/v2\/pages"}],"about":[{"href":"https:\/\/www.orange-transfer.com\/de\/wp-json\/wp\/v2\/types\/page"}],"author":[{"embeddable":true,"href":"https:\/\/www.orange-transfer.com\/de\/wp-json\/wp\/v2\/users\/1"}],"replies":[{"embeddable":true,"href":"https:\/\/www.orange-transfer.com\/de\/wp-json\/wp\/v2\/comments?post=75"}],"version-history":[{"count":1,"href":"https:\/\/www.orange-transfer.com\/de\/wp-json\/wp\/v2\/pages\/75\/revisions"}],"predecessor-version":[{"id":11687,"href":"https:\/\/www.orange-transfer.com\/de\/wp-json\/wp\/v2\/pages\/75\/revisions\/11687"}],"wp:attachment":[{"href":"https:\/\/www.orange-transfer.com\/de\/wp-json\/wp\/v2\/media?parent=75"}],"curies":[{"name":"wp","href":"https:\/\/api.w.org\/{rel}","templated":true}]}}