{"id":1183,"date":"2018-01-04T15:19:00","date_gmt":"2018-01-04T07:19:00","guid":{"rendered":"http:\/\/orange-transfer.com\/?page_id=1183"},"modified":"2018-01-04T15:21:58","modified_gmt":"2018-01-04T07:21:58","slug":"xian-xianyang-international-airport","status":"publish","type":"page","link":"https:\/\/www.orange-transfer.com\/es\/aeropuerto-internacional-de-xian-xianyang\/","title":{"rendered":"Aeropuerto internacional de Xi&#039;an Xianyang"},"content":{"rendered":"<p><strong>Aeropuerto Internacional Xi&#039;an Xianyang<\/strong> Es un aeropuerto moderno que presta servicios a Xi&#039;an y Guanzhong, y est\u00e1 convenientemente ubicado a 41 km del bullicioso centro de Xi&#039;an. As\u00ed que no tendr\u00e1 problemas para encontrar un traslado desde el aeropuerto de Xi&#039;an. Si bien la primera fase del aeropuerto internacional se inaugur\u00f3 en 1991, la segunda fase se inaugur\u00f3 en 2013 y fue dise\u00f1ada para competir con los principales aeropuertos internacionales de Asia. Actualmente, el Aeropuerto Internacional de Xi&#039;an Xianyang opera m\u00e1s de 205 rutas a destinos populares como...<strong> Pek\u00edn, Shangh\u00e1i, Mosc\u00fa, Par\u00eds, <\/strong>y<strong> Singapur<\/strong>El aeropuerto cuenta con diversas instalaciones. Entre ellas, un c\u00f3modo hotel con servicio por horas, donde podr\u00e1 refrescarse despu\u00e9s de un largo vuelo, y 20 camas plegables, perfectas para echarse una siesta entre vuelos. El aeropuerto tambi\u00e9n ofrece un restaurante buffet, un restaurante chino tradicional y una cafeter\u00eda. Esta \u00faltima sirve tanto comida china como occidental. Si necesita cargar su tel\u00e9fono, busque los cargadores gratuitos disponibles en las salas de salidas y llegadas.<\/p>\n<p><a href=\"https:\/\/www.orange-transfer.com\/es\/xian-airport-transfer\/\"><strong>Reserva un traslado con Mr Orange<\/strong><\/a><\/p>","protected":false},"excerpt":{"rendered":"<p>Xi\u2019an Xianyang International Airport is a modern airport which serves Xi\u2019an and Guanzhong and is conveniently located 25 miles or 41 km from Xi\u2019an\u2019s bustling city center. So you won\u2019t have any trouble finding a Xi\u2019an airport transfer.While the first phase of the international airport was opened in 1991, the second phase was only opened [&hellip;]<\/p>","protected":false},"author":1,"featured_media":0,"parent":0,"menu_order":0,"comment_status":"closed","ping_status":"closed","template":"","meta":[],"_links":{"self":[{"href":"https:\/\/www.orange-transfer.com\/es\/wp-json\/wp\/v2\/pages\/1183"}],"collection":[{"href":"https:\/\/www.orange-transfer.com\/es\/wp-json\/wp\/v2\/pages"}],"about":[{"href":"https:\/\/www.orange-transfer.com\/es\/wp-json\/wp\/v2\/types\/page"}],"author":[{"embeddable":true,"href":"https:\/\/www.orange-transfer.com\/es\/wp-json\/wp\/v2\/users\/1"}],"replies":[{"embeddable":true,"href":"https:\/\/www.orange-transfer.com\/es\/wp-json\/wp\/v2\/comments?post=1183"}],"version-history":[{"count":0,"href":"https:\/\/www.orange-transfer.com\/es\/wp-json\/wp\/v2\/pages\/1183\/revisions"}],"wp:attachment":[{"href":"https:\/\/www.orange-transfer.com\/es\/wp-json\/wp\/v2\/media?parent=1183"}],"curies":[{"name":"wp","href":"https:\/\/api.w.org\/{rel}","templated":true}]}}