{"id":1207,"date":"2018-01-04T15:52:09","date_gmt":"2018-01-04T07:52:09","guid":{"rendered":"http:\/\/orange-transfer.com\/?page_id=1207"},"modified":"2018-01-04T15:53:16","modified_gmt":"2018-01-04T07:53:16","slug":"hongqiao-international-airport","status":"publish","type":"page","link":"https:\/\/www.orange-transfer.com\/es\/aeropuerto-internacional-de-hongqiao\/","title":{"rendered":"Aeropuerto Internacional de Shangh\u00e1i Hongqiao"},"content":{"rendered":"<p>Situado al oeste de la ciudad, <strong>Aeropuerto Internacional de Hongqiao<\/strong> Se encuentra a solo trece kil\u00f3metros (ocho millas) del centro de la ciudad. Opera principalmente vuelos dom\u00e9sticos. Cuenta con dos terminales con dos pistas. La Terminal 2 (T2) abri\u00f3 sus puertas al p\u00fablico el 16 de marzo de 2010. En la Terminal 2 (T2) operan 14 aerol\u00edneas y en la T1, otras 14 aeronaves.<\/p>\n<h5><a href=\"https:\/\/www.orange-transfer.com\/es\/traslado-al-aeropuerto-de-shanghai-hongqiao\/\">Traslado de ida entre el Aeropuerto Internacional de Shanghai Hongqiao y el centro de Shanghai.<\/a><\/h5>","protected":false},"excerpt":{"rendered":"<p>Situated at the city\u2019s west, Hongqiao International Airport is only thirteen kilometers (eight miles) from the downtown area. It primarily handles the household flights. There are 2 terminals having 2 runways. Terminal 2 (T2) is open for public utilization from March 16th, 2010. 14 carriers are located in Terminal 2 (T2) &amp; an extra 14 [&hellip;]<\/p>","protected":false},"author":1,"featured_media":0,"parent":0,"menu_order":0,"comment_status":"closed","ping_status":"closed","template":"","meta":[],"_links":{"self":[{"href":"https:\/\/www.orange-transfer.com\/es\/wp-json\/wp\/v2\/pages\/1207"}],"collection":[{"href":"https:\/\/www.orange-transfer.com\/es\/wp-json\/wp\/v2\/pages"}],"about":[{"href":"https:\/\/www.orange-transfer.com\/es\/wp-json\/wp\/v2\/types\/page"}],"author":[{"embeddable":true,"href":"https:\/\/www.orange-transfer.com\/es\/wp-json\/wp\/v2\/users\/1"}],"replies":[{"embeddable":true,"href":"https:\/\/www.orange-transfer.com\/es\/wp-json\/wp\/v2\/comments?post=1207"}],"version-history":[{"count":0,"href":"https:\/\/www.orange-transfer.com\/es\/wp-json\/wp\/v2\/pages\/1207\/revisions"}],"wp:attachment":[{"href":"https:\/\/www.orange-transfer.com\/es\/wp-json\/wp\/v2\/media?parent=1207"}],"curies":[{"name":"wp","href":"https:\/\/api.w.org\/{rel}","templated":true}]}}