{"id":134,"date":"2017-01-08T05:23:55","date_gmt":"2017-01-07T21:23:55","guid":{"rendered":"http:\/\/orange-transfer.com\/?page_id=134"},"modified":"2025-01-13T18:36:00","modified_gmt":"2025-01-13T10:36:00","slug":"about-us","status":"publish","type":"page","link":"https:\/\/www.orange-transfer.com\/es\/sobre-nosotros\/","title":{"rendered":"SOBRE NOSOTROS"},"content":{"rendered":"<h3>Mr Orange Traslados y Tours:<\/h3>\n<div><\/div>\n<div><\/div>\n<div>Mr Orange Transfer es una empresa profesional de servicios de limusina. Nuestro objetivo es crear un servicio de traslado innovador y de calidad, ofreciendo un producto de calidad que se ajuste a sus necesidades sin afectar su bolsillo. Analizamos m\u00e1s de 1000 rese\u00f1as de servicios de traslado y hemos solucionado con \u00e9xito los problemas que suelen surgir durante los traslados en taxi.<\/div>\n<div><\/div>\n<div><\/div>\n<div><\/div>\n<div><strong>1. Los servicios de traslado son caros.<\/strong><\/div>\n<div>No gastamos ni un centavo en ninguna publicidad en motores de b\u00fasqueda para que nuestro precio 20% sea m\u00e1s barato que el de la competencia. Todos nuestros clientes llegan a nosotros por el boca a boca.<\/div>\n<div><\/div>\n<div><\/div>\n<div><\/div>\n<div><strong>2. Los conductores no se presentan en el aeropuerto.<\/strong><\/div>\n<div>Nuestros conductores deben informar de su trabajo mediante cinco sencillos pasos en la aplicaci\u00f3n cada vez que trabajan, para que sepamos exactamente d\u00f3nde se encuentran. Nos aseguramos de que, al salir del aeropuerto, vean a su conductor lo antes posible.<\/div>\n<div><\/div>\n<div><\/div>\n<div><\/div>\n<div><strong>3. El coche est\u00e1 sucio y huele a humo.<\/strong><\/div>\n<div>Esto nunca suceder\u00e1 en nuestros autos, si sucede, tome una foto del lugar sucio y env\u00edenoslo por correo electr\u00f3nico. Le reembolsaremos el importe \u00edntegro de inmediato.<\/div>\n<div><\/div>\n<div><\/div>\n<div><\/div>\n<div><strong>4. El conductor es grosero y cobra de m\u00e1s al cliente.<\/strong><\/div>\n<div>Esto nunca le suceder\u00e1 a usted, nuestro conductor ha realizado un programa de capacitaci\u00f3n de 100 horas, siempre se viste formal y se comporta bien. Adem\u00e1s, nuestros precios son todo incluido.<\/div>\n<div><\/div>\n<div><\/div>\n<div><\/div>\n<div><strong>5. Mi vuelo se retras\u00f3, el conductor no estaba presente cuando sal\u00ed.<\/strong><\/div>\n<div>Esto nunca te suceder\u00e1, todo nuestro personal de conducci\u00f3n y operaciones est\u00e1 equipado con una aplicaci\u00f3n de seguimiento de vuelos y confirmar\u00e1n dos veces la hora de llegada el d\u00eda de llegada.<\/div>","protected":false},"excerpt":{"rendered":"<p>Mr orange Transfers and Tours: Mr orange transfer is a professional limo service company&nbsp;, We aim on creating a new and nice&nbsp;transfer service, offering a good product that meets your needs, but doesn&#8217;t tear a hole in your pocket. We study&nbsp;on 1000+ reviews on transfer service and have successfully provided the solution to those problems [&hellip;]<\/p>","protected":false},"author":1,"featured_media":196,"parent":0,"menu_order":0,"comment_status":"closed","ping_status":"closed","template":"","meta":[],"_links":{"self":[{"href":"https:\/\/www.orange-transfer.com\/es\/wp-json\/wp\/v2\/pages\/134"}],"collection":[{"href":"https:\/\/www.orange-transfer.com\/es\/wp-json\/wp\/v2\/pages"}],"about":[{"href":"https:\/\/www.orange-transfer.com\/es\/wp-json\/wp\/v2\/types\/page"}],"author":[{"embeddable":true,"href":"https:\/\/www.orange-transfer.com\/es\/wp-json\/wp\/v2\/users\/1"}],"replies":[{"embeddable":true,"href":"https:\/\/www.orange-transfer.com\/es\/wp-json\/wp\/v2\/comments?post=134"}],"version-history":[{"count":3,"href":"https:\/\/www.orange-transfer.com\/es\/wp-json\/wp\/v2\/pages\/134\/revisions"}],"predecessor-version":[{"id":20272,"href":"https:\/\/www.orange-transfer.com\/es\/wp-json\/wp\/v2\/pages\/134\/revisions\/20272"}],"wp:featuredmedia":[{"embeddable":true,"href":"https:\/\/www.orange-transfer.com\/es\/wp-json\/wp\/v2\/media\/196"}],"wp:attachment":[{"href":"https:\/\/www.orange-transfer.com\/es\/wp-json\/wp\/v2\/media?parent=134"}],"curies":[{"name":"wp","href":"https:\/\/api.w.org\/{rel}","templated":true}]}}