{"id":35924,"date":"2025-03-18T15:09:50","date_gmt":"2025-03-18T07:09:50","guid":{"rendered":"https:\/\/www.orange-transfer.com\/?page_id=35924"},"modified":"2025-03-18T16:47:23","modified_gmt":"2025-03-18T08:47:23","slug":"travel-accident-insurance","status":"publish","type":"page","link":"https:\/\/www.orange-transfer.com\/es\/seguro-de-accidentes-de-viaje\/","title":{"rendered":"Seguro de accidentes de viaje"},"content":{"rendered":"<blockquote class=\"wp-block-quote\">\n<p>Estimados clientes:<\/p>\n\n\n\n<p>Gracias por reservar con Mr. Orange Chartered Service. Como nuestro estimado hu\u00e9sped, nos complace ofrecerle un seguro de accidentes de viaje gratuito por valor de 50.000 RMB. Le recomendamos que complete atentamente la siguiente informaci\u00f3n para garantizar una cobertura completa ante cualquier imprevisto que pueda surgir durante el uso de nuestro servicio.<\/p>\n\n\n\n<p>Tenga en cuenta que este seguro ofrece cobertura b\u00e1sica para accidentes en viajes nacionales dentro de China. Est\u00e1 dise\u00f1ado para abordar riesgos locales y no sustituye a un seguro de viaje internacional completo. Para obtener informaci\u00f3n sobre la cobertura aplicable a viajes al extranjero, le recomendamos consultar con su aseguradora para garantizar una protecci\u00f3n adecuada.<\/p>\n\n\n\n<p><a href=\"https:\/\/www.orange-transfer.com\/es\/travel-happy-insurance-policy-pacific-insurance-cpic\/\" target=\"_blank\" rel=\"noreferrer noopener\"><strong>Ver m\u00e1s sobre el seguro de accidentes en viajes a China<\/strong>:<\/a><\/p>\n\n\n\n<p>Gracias.<\/p>\n\n\n\n<p>David<\/p>\n\n\n\n<p>Mr Orange Transfer<\/p>\n<\/blockquote>\n\n\n\n<figure class=\"wp-block-image size-full\"><img decoding=\"async\" loading=\"lazy\" width=\"720\" height=\"480\" src=\"https:\/\/www.orange-transfer.com\/wp-content\/uploads\/2025\/03\/ac.jpg\" alt=\"\" class=\"wp-image-35949\" srcset=\"https:\/\/www.orange-transfer.com\/wp-content\/uploads\/2025\/03\/ac.jpg 720w, https:\/\/www.orange-transfer.com\/wp-content\/uploads\/2025\/03\/ac-300x200.jpg 300w, https:\/\/www.orange-transfer.com\/wp-content\/uploads\/2025\/03\/ac-600x400.jpg 600w\" sizes=\"(max-width: 720px) 100vw, 720px\" \/><\/figure>\n\n\n\n<h2>Seguro de accidentes en viajes a China:<\/h2>\n\n\n\n<p><strong>Le recomendamos que complete cuidadosamente la siguiente informaci\u00f3n para garantizar una cobertura integral ante cualquier circunstancia imprevista que pueda surgir durante el uso de nuestro servicio alquilado.<\/strong><\/p>\n\n\n\n\n<div class=\"wpcf7 no-js\" id=\"wpcf7-f35931-o1\" lang=\"en-US\" dir=\"ltr\">\n<div class=\"screen-reader-response\"><p role=\"status\" aria-live=\"polite\" aria-atomic=\"true\"><\/p> <ul><\/ul><\/div>\n<form action=\"\/es\/wp-json\/wp\/v2\/pages\/35924#wpcf7-f35931-o1\" method=\"post\" class=\"wpcf7-form init\" aria-label=\"Contact form\" novalidate=\"novalidate\" data-status=\"init\" data-trp-original-action=\"\/es\/wp-json\/wp\/v2\/pages\/35924#wpcf7-f35931-o1\">\n<div style=\"display: none;\">\n<input type=\"hidden\" name=\"_wpcf7\" value=\"35931\" \/>\n<input type=\"hidden\" name=\"_wpcf7_version\" value=\"5.7.5.1\" \/>\n<input type=\"hidden\" name=\"_wpcf7_locale\" value=\"en_US\" \/>\n<input type=\"hidden\" name=\"_wpcf7_unit_tag\" value=\"wpcf7-f35931-o1\" \/>\n<input type=\"hidden\" name=\"_wpcf7_container_post\" value=\"0\" \/>\n<input type=\"hidden\" name=\"_wpcf7_posted_data_hash\" value=\"\" \/>\n<\/div>\n<p><label> Su nombre<br \/>\n<span class=\"wpcf7-form-control-wrap\" data-name=\"your-name\"><input size=\"40\" class=\"wpcf7-form-control wpcf7-text wpcf7-validates-as-required\" autocomplete=\"name\" aria-required=\"true\" aria-invalid=\"false\" value=\"\" type=\"text\" name=\"your-name\" \/><\/span> <\/label>\n<\/p>\n<p><label> Tu correo electr\u00f3nico<br \/>\n<span class=\"wpcf7-form-control-wrap\" data-name=\"your-email\"><input size=\"40\" class=\"wpcf7-form-control wpcf7-text wpcf7-email wpcf7-validates-as-required wpcf7-validates-as-email\" autocomplete=\"email\" aria-required=\"true\" aria-invalid=\"false\" value=\"\" type=\"email\" name=\"your-email\" \/><\/span> <\/label>\n<\/p>\n<p><label> N\u00famero de referencia de reserva<br \/>\n<span class=\"wpcf7-form-control-wrap\" data-name=\"Your-Bookingnumber\"><input size=\"40\" class=\"wpcf7-form-control wpcf7-text wpcf7-validates-as-required\" aria-required=\"true\" aria-invalid=\"false\" value=\"\" type=\"text\" name=\"Your-Bookingnumber\" \/><\/span> <\/label>\n<\/p>\n<p><label> Fecha de viaje<br \/>\n<span class=\"wpcf7-form-control-wrap\" data-name=\"Your-Traveldate\"><input class=\"wpcf7-form-control wpcf7-date wpcf7-validates-as-date\" aria-invalid=\"false\" value=\"\" type=\"date\" name=\"Your-Traveldate\" \/><\/span><br \/>\n<\/label>\n<\/p>\n<p><label> Nacionalidad<br \/>\n<span class=\"wpcf7-form-control-wrap\" data-name=\"Your-Nationality\"><input size=\"40\" class=\"wpcf7-form-control wpcf7-text wpcf7-validates-as-required\" aria-required=\"true\" aria-invalid=\"false\" value=\"\" type=\"text\" name=\"Your-Nationality\" \/><\/span> <\/label>\n<\/p>\n<p><label> N\u00famero de pasaporte<br \/>\n<span class=\"wpcf7-form-control-wrap\" data-name=\"Your-PassportNumber\"><input size=\"40\" class=\"wpcf7-form-control wpcf7-text wpcf7-validates-as-required\" aria-required=\"true\" aria-invalid=\"false\" value=\"\" type=\"text\" name=\"Your-PassportNumber\" \/><\/span> <\/label>\n<\/p>\n<p><label> Fecha de nacimiento<br \/>\n<span class=\"wpcf7-form-control-wrap\" data-name=\"Your-Birthdate\"><input class=\"wpcf7-form-control wpcf7-date wpcf7-validates-as-date\" aria-invalid=\"false\" value=\"\" type=\"date\" name=\"Your-Birthdate\" \/><\/span><br \/>\n<\/label>\n<\/p>\n<p><label> Art\u00edculos de servicio y fecha<br \/>\n<span class=\"wpcf7-form-control-wrap\" data-name=\"your-message\"><textarea cols=\"40\" rows=\"10\" class=\"wpcf7-form-control wpcf7-textarea\" aria-invalid=\"false\" name=\"your-message\"><\/textarea><\/span> <\/label>\n<\/p>\n<p><span class=\"wpcf7-form-control-wrap kc_captcha\" data-name=\"kc_captcha\"><span class=\"wpcf7-form-control wpcf7-radio\"><span class=\"captcha-image\" ><span class=\"cf7ic_instructions\">Por favor, prueba que eres humano seleccionando el<span> taza<\/span>.<\/span><label><input aria-label=\"1\" type=\"radio\" name=\"kc_captcha\" value=\"kc_human\" \/><svg width=\"50\" height=\"50\" aria-hidden=\"true\" role=\"img\" xmlns=\"http:\/\/www.w3.org\/2000\/svg\" viewbox=\"0 0 640 512\"><path fill=\"currentColor\" d=\"M192 384h192c53 0 96-43 96-96h32a128 128 0 000-256H120c-13 0-24 11-24 24v232c0 53 43 96 96 96zM512 96a64 64 0 010 128h-32V96h32zm48 384H48c-47 0-61-64-36-64h584c25 0 11 64-36 64z\"\/><\/svg><\/label><label><input aria-label=\"2\" type=\"radio\" name=\"kc_captcha\" value=\"bot\" \/><svg width=\"50\" height=\"50\" aria-hidden=\"true\" role=\"img\" xmlns=\"http:\/\/www.w3.org\/2000\/svg\" viewbox=\"0 0 512 512\"><path fill=\"currentColor\" d=\"M512 176a176 176 0 01-209 173l-24 27a24 24 0 01-18 8h-37v40c0 13-11 24-24 24h-40v40c0 13-11 24-24 24H24c-13 0-24-11-24-24v-78c0-6 3-13 7-17l162-162a176 176 0 11343-55zm-176-48a48 48 0 1096 0 48 48 0 00-96 0z\"\/><\/svg><\/label><label><input aria-label=\"3\" type=\"radio\" name=\"kc_captcha\" value=\"bot\" \/><svg width=\"50\" height=\"50\" aria-hidden=\"true\" role=\"img\" xmlns=\"http:\/\/www.w3.org\/2000\/svg\" viewbox=\"0 0 384 512\"><path fill=\"currentColor\" d=\"M377 375l-83-87h34c21 0 32-25 17-40l-82-88h33c21 0 32-25 18-40L210 8c-10-11-26-11-36 0L70 120c-14 15-3 40 18 40h33l-82 88c-15 15-4 40 17 40h34L7 375c-15 16-4 41 17 41h120c0 33-11 49-34 68-12 9-5 28 10 28h144c15 0 22-19 10-28-20-16-34-32-34-68h120c21 0 32-25 17-41z\"\/><\/svg><\/label>\r\n    <\/span>\r\n    <span style=\"display:none\">\r\n        <input type=\"text\" name=\"kc_honeypot\">\r\n    <\/span><\/span><\/span>\n<\/p>\n<p><input class=\"wpcf7-form-control has-spinner wpcf7-submit\" type=\"submit\" value=\"Entregar\" \/>\n<\/p><div class=\"wpcf7-response-output\" aria-hidden=\"true\"><\/div>\n<input type=\"hidden\" name=\"trp-form-language\" value=\"es\"\/><\/form>\n<\/div>","protected":false},"excerpt":{"rendered":"<p>Dear Customers: Thank you for booking Mr. Orange Chartered Service. As our valued guest, we are pleased to provide you with a complimentary travel accident insurance policy worth RMB 50,000. We kindly advise you to carefully complete the information below to ensure comprehensive coverage for any unforeseen circumstances that may arise during your use of [&hellip;]<\/p>","protected":false},"author":3,"featured_media":0,"parent":0,"menu_order":0,"comment_status":"closed","ping_status":"closed","template":"","meta":[],"_links":{"self":[{"href":"https:\/\/www.orange-transfer.com\/es\/wp-json\/wp\/v2\/pages\/35924"}],"collection":[{"href":"https:\/\/www.orange-transfer.com\/es\/wp-json\/wp\/v2\/pages"}],"about":[{"href":"https:\/\/www.orange-transfer.com\/es\/wp-json\/wp\/v2\/types\/page"}],"author":[{"embeddable":true,"href":"https:\/\/www.orange-transfer.com\/es\/wp-json\/wp\/v2\/users\/3"}],"replies":[{"embeddable":true,"href":"https:\/\/www.orange-transfer.com\/es\/wp-json\/wp\/v2\/comments?post=35924"}],"version-history":[{"count":7,"href":"https:\/\/www.orange-transfer.com\/es\/wp-json\/wp\/v2\/pages\/35924\/revisions"}],"predecessor-version":[{"id":35975,"href":"https:\/\/www.orange-transfer.com\/es\/wp-json\/wp\/v2\/pages\/35924\/revisions\/35975"}],"wp:attachment":[{"href":"https:\/\/www.orange-transfer.com\/es\/wp-json\/wp\/v2\/media?parent=35924"}],"curies":[{"name":"wp","href":"https:\/\/api.w.org\/{rel}","templated":true}]}}