{"id":75,"date":"2017-01-05T09:01:06","date_gmt":"2017-01-05T01:01:06","guid":{"rendered":"http:\/\/orange-transfer.com\/?page_id=75"},"modified":"2017-01-07T13:17:14","modified_gmt":"2017-01-07T05:17:14","slug":"beijing-train-station-transfer","status":"publish","type":"page","link":"https:\/\/www.orange-transfer.com\/es\/traslado-desde-la-estacion-de-tren-de-pekin\/","title":{"rendered":"Traslado a la estaci\u00f3n de tren de Pek\u00edn"},"content":{"rendered":"<h3>\u00a0<a href=\"http:\/\/www.orange-transfer.com\/wp-content\/uploads\/2017\/01\/123da.png\"><img decoding=\"async\" loading=\"lazy\" class=\"alignnone size-full wp-image-120\" src=\"http:\/\/www.orange-transfer.com\/wp-content\/uploads\/2017\/01\/123da.png\" alt=\"\" width=\"1187\" height=\"422\" srcset=\"https:\/\/www.orange-transfer.com\/wp-content\/uploads\/2017\/01\/123da.png 1187w, https:\/\/www.orange-transfer.com\/wp-content\/uploads\/2017\/01\/123da-600x213.png 600w, https:\/\/www.orange-transfer.com\/wp-content\/uploads\/2017\/01\/123da-300x107.png 300w, https:\/\/www.orange-transfer.com\/wp-content\/uploads\/2017\/01\/123da-768x273.png 768w, https:\/\/www.orange-transfer.com\/wp-content\/uploads\/2017\/01\/123da-1024x364.png 1024w\" sizes=\"(max-width: 1187px) 100vw, 1187px\" \/><\/a><\/h3>\n<p><a href=\"http:\/\/www.orange-transfer.com\/wp-content\/uploads\/2017\/01\/hook.png\"><img decoding=\"async\" loading=\"lazy\" class=\"alignnone size-full wp-image-36\" src=\"http:\/\/www.orange-transfer.com\/wp-content\/uploads\/2017\/01\/hook.png\" alt=\"\" width=\"31\" height=\"34\" \/><\/a>Traslados desde y hacia el aeropuerto de Pek\u00edn desde 25 USD por persona.<\/p>\n<p><a href=\"http:\/\/www.orange-transfer.com\/wp-content\/uploads\/2017\/01\/hook.png\"><img decoding=\"async\" loading=\"lazy\" class=\"alignnone size-full wp-image-36\" src=\"http:\/\/www.orange-transfer.com\/wp-content\/uploads\/2017\/01\/hook.png\" alt=\"\" width=\"31\" height=\"34\" \/><\/a>Recepci\u00f3n y saludo \/ Espera y estacionamiento \/ Seguimiento de vuelos incluido<\/p>\n<p><a href=\"http:\/\/www.orange-transfer.com\/wp-content\/uploads\/2017\/01\/hook.png\"><img decoding=\"async\" loading=\"lazy\" class=\"alignnone size-full wp-image-36\" src=\"http:\/\/www.orange-transfer.com\/wp-content\/uploads\/2017\/01\/hook.png\" alt=\"\" width=\"31\" height=\"34\" \/><\/a>Conductor vestido formalmente, buen comportamiento, con auto limpio y servicio confiable en todo momento.<\/p>\n<p><a href=\"http:\/\/www.orange-transfer.com\/wp-content\/uploads\/2017\/01\/hook.png\"><img decoding=\"async\" loading=\"lazy\" class=\"alignnone size-full wp-image-36\" src=\"http:\/\/www.orange-transfer.com\/wp-content\/uploads\/2017\/01\/hook.png\" alt=\"\" width=\"31\" height=\"34\" \/><\/a>Reserva un taxi en minutos y paga en efectivo o con tarjeta (en l\u00ednea)<\/p>\n<p><a href=\"http:\/\/www.orange-transfer.com\/wp-content\/uploads\/2017\/01\/hook.png\"><img decoding=\"async\" loading=\"lazy\" class=\"alignnone size-full wp-image-36\" src=\"http:\/\/www.orange-transfer.com\/wp-content\/uploads\/2017\/01\/hook.png\" alt=\"\" width=\"31\" height=\"34\" \/><\/a>Precios asequibles y buena relaci\u00f3n calidad-precio en cada ocasi\u00f3n.<\/p>\n<p><a href=\"http:\/\/www.orange-transfer.com\/wp-content\/uploads\/2017\/01\/hook.png\"><img decoding=\"async\" loading=\"lazy\" class=\"alignnone size-full wp-image-36\" src=\"http:\/\/www.orange-transfer.com\/wp-content\/uploads\/2017\/01\/hook.png\" alt=\"\" width=\"31\" height=\"34\" \/><\/a>Veh\u00edculos disponibles para hasta 8 pasajeros + equipaje.<\/p>\n<p>&nbsp;<\/p>\n<p><img decoding=\"async\" loading=\"lazy\" class=\"alignnone size-full wp-image-22\" src=\"http:\/\/www.orange-transfer.com\/wp-content\/uploads\/2017\/01\/new2.png\" alt=\"\" width=\"800\" height=\"300\" srcset=\"https:\/\/www.orange-transfer.com\/wp-content\/uploads\/2017\/01\/new2.png 800w, https:\/\/www.orange-transfer.com\/wp-content\/uploads\/2017\/01\/new2-600x225.png 600w, https:\/\/www.orange-transfer.com\/wp-content\/uploads\/2017\/01\/new2-300x113.png 300w, https:\/\/www.orange-transfer.com\/wp-content\/uploads\/2017\/01\/new2-768x288.png 768w\" sizes=\"(max-width: 800px) 100vw, 800px\" \/><\/p>\n<p>Nos enorgullecemos de ser la agencia de viajes local \u00daNICA de Pek\u00edn que ofrece un servicio de traslado al aeropuerto y tren seguro, confiable, r\u00e1pido y tranquilo, con atenci\u00f3n al cliente 24\/7. No solo ayudamos a nuestros clientes con la comunicaci\u00f3n con el personal del hotel y del aeropuerto, sino que tambi\u00e9n somos eficientes en la gesti\u00f3n de imprevistos como la p\u00e9rdida de equipaje, problemas con el visado, entre muchos otros. En caso de p\u00e9rdida de su equipaje, puede estar seguro de que iniciaremos una b\u00fasqueda inmediata para encontrarlo.<\/p>\n<p>\u00a1El\u00edjanos y comience su viaje a China de forma excepcional!\u201d<\/p>\n<p>&nbsp;<\/p>\n<h3>\u00a0\u00bfC\u00f3mo garantizamos que nuestros servicios sean siempre confiables y puntuales?<\/h3>\n<p>&nbsp;<\/p>\n<p><strong>1. Nuestros conductores deben informar su trabajo en 5 procedimientos a trav\u00e9s de la aplicaci\u00f3n WeChat cada vez.<\/strong><\/p>\n<p><a href=\"http:\/\/www.orange-transfer.com\/wp-content\/uploads\/2017\/01\/wechat-1.png\"><img decoding=\"async\" loading=\"lazy\" class=\"alignnone wp-image-70 size-large\" src=\"http:\/\/www.orange-transfer.com\/wp-content\/uploads\/2017\/01\/wechat-1-1024x262.png\" width=\"1024\" height=\"262\" srcset=\"https:\/\/www.orange-transfer.com\/wp-content\/uploads\/2017\/01\/wechat-1-1024x262.png 1024w, https:\/\/www.orange-transfer.com\/wp-content\/uploads\/2017\/01\/wechat-1-600x154.png 600w, https:\/\/www.orange-transfer.com\/wp-content\/uploads\/2017\/01\/wechat-1-300x77.png 300w, https:\/\/www.orange-transfer.com\/wp-content\/uploads\/2017\/01\/wechat-1-768x197.png 768w, https:\/\/www.orange-transfer.com\/wp-content\/uploads\/2017\/01\/wechat-1.png 1835w\" sizes=\"(max-width: 1024px) 100vw, 1024px\" \/><\/a><\/p>\n<p>&nbsp;<\/p>\n<p><strong>2. Antes de llegar a Beijing, recibir\u00e1s la siguiente informaci\u00f3n de nuestra parte:<\/strong><\/p>\n<p>Nombre del conductor<\/p>\n<p>Foto del conductor<\/p>\n<p>N\u00famero de contacto del conductor<\/p>\n<p>N\u00famero de placa del veh\u00edculo<\/p>\n<p>Marca del veh\u00edculo<\/p>\n<p>Capacidad para clientes e idiomas<\/p>\n<p>Mapa electr\u00f3nico de Pek\u00edn<\/p>\n<p>Instrucciones de la estaci\u00f3n de tren de Pek\u00edn<\/p>\n<p>&nbsp;<\/p>\n<h3>Itinerario:<\/h3>\n<p><strong>Llegada a Pek\u00edn<\/strong><\/p>\n<p>Al llegar al aeropuerto o estaci\u00f3n de tren de Pek\u00edn, dir\u00edjase al punto designado, como se muestra en la imagen. All\u00ed se encontrar\u00e1 con nuestro conductor. Si no puede verlo (esto nunca le ha sucedido), le recomendamos encarecidamente que pruebe el siguiente procedimiento para ponerse en contacto con nosotros. Haremos todo lo posible por resolver su problema en el momento.<\/p>\n<p>Dir\u00edgete al mostrador de informaci\u00f3n situado frente a la salida de la terminal (el personal habla ingl\u00e9s y siempre est\u00e1 dispuesto a ayudarte) y p\u00eddele al personal que haga una llamada telef\u00f3nica a tu gu\u00eda.<\/p>\n<p>Llame a nuestra l\u00ednea de emergencia 24-7 que aparece en nuestra carta de confirmaci\u00f3n y solicite ayuda.<\/p>\n<p>&nbsp;<\/p>\n<h3>El cartel de bienvenida del Sr. Orange es el m\u00e1s distintivo entre la multitud de personas que esperan, y lo reconocer\u00e1s de inmediato:<\/h3>\n<p><a href=\"http:\/\/www.orange-transfer.com\/wp-content\/uploads\/2017\/01\/wait.png\"><img decoding=\"async\" loading=\"lazy\" class=\"alignnone size-full wp-image-40\" src=\"http:\/\/www.orange-transfer.com\/wp-content\/uploads\/2017\/01\/wait.png\" alt=\"\" width=\"800\" height=\"400\" srcset=\"https:\/\/www.orange-transfer.com\/wp-content\/uploads\/2017\/01\/wait.png 800w, https:\/\/www.orange-transfer.com\/wp-content\/uploads\/2017\/01\/wait-600x300.png 600w, https:\/\/www.orange-transfer.com\/wp-content\/uploads\/2017\/01\/wait-300x150.png 300w, https:\/\/www.orange-transfer.com\/wp-content\/uploads\/2017\/01\/wait-768x384.png 768w\" sizes=\"(max-width: 800px) 100vw, 800px\" \/><\/a><\/p>\n<p><strong>Servicio de conductor y gu\u00eda<\/strong><\/p>\n<p>Nuestro conductor le acompa\u00f1ar\u00e1 al ba\u00f1o y a la casa de cambio m\u00e1s cercanos. Pregunte a su gu\u00eda si necesita cambiar moneda local a yuanes chinos.<\/p>\n<p>En el hotel\/aeropuerto, su conductor le ayudar\u00e1 con el equipaje y los tr\u00e1mites del check-in.<\/p>\n<p>Los maleteros de nuestros veh\u00edculos son suficientemente espaciosos para su equipaje.<\/p>\n<p>Nuestros veh\u00edculos est\u00e1n equipados con wifi, GPS y una silla para beb\u00e9s. Si necesita una, pregunte a su conductor.<\/p>\n<p>Tendr\u00e1 un breve tiempo para ir a su habitaci\u00f3n y refrescarse. Despu\u00e9s, su gu\u00eda le ofrecer\u00e1 un tour introductorio opcional de 30 minutos por su hotel. Durante este breve recorrido, le sugerir\u00e1 los mejores restaurantes y lugares para ir de compras. Los marcar\u00e1 en su mapa para que luego pueda llegar f\u00e1cilmente a ellos por su cuenta.<\/p>\n<p><strong>\u00a0<\/strong><\/p>\n<p><strong>Nuestros veh\u00edculos:<\/strong><\/p>\n<p>Nuestros veh\u00edculos est\u00e1n equipados con sistema GPS y dispositivo WI-FI en el veh\u00edculo.<\/p>\n<p>&nbsp;<\/p>\n<p><a href=\"http:\/\/www.orange-transfer.com\/wp-content\/uploads\/2017\/01\/TYPE6.png\"><img decoding=\"async\" loading=\"lazy\" class=\"alignnone size-full wp-image-84\" src=\"http:\/\/www.orange-transfer.com\/wp-content\/uploads\/2017\/01\/TYPE6.png\" alt=\"\" width=\"800\" height=\"386\" srcset=\"https:\/\/www.orange-transfer.com\/wp-content\/uploads\/2017\/01\/TYPE6.png 800w, https:\/\/www.orange-transfer.com\/wp-content\/uploads\/2017\/01\/TYPE6-600x290.png 600w, https:\/\/www.orange-transfer.com\/wp-content\/uploads\/2017\/01\/TYPE6-300x145.png 300w, https:\/\/www.orange-transfer.com\/wp-content\/uploads\/2017\/01\/TYPE6-768x371.png 768w\" sizes=\"(max-width: 800px) 100vw, 800px\" \/><\/a><\/p>\n<p>&nbsp;<\/p>\n<h3>\u00bfPor qu\u00e9 elegir Mr Orange?<\/h3>\n<p>1,Comparar con<strong> ferrocarril expreso<\/strong> Nuestro servicio de traslado es privado y c\u00f3modo. Nuestro conductor le recibir\u00e1 con un cartel en el punto de encuentro designado. Haremos que todo sea f\u00e1cil y sin complicaciones.<\/p>\n<p>2, Comparar con <strong>servicio de taxi del aeropuerto<\/strong> Somos 40%. M\u00e1s econ\u00f3micos y sin recargos. Nuestras camionetas son c\u00f3modas y no fuman. Nuestro conductor viste de manera formal y siempre se porta bien. Ofrecemos servicio al cliente en ingl\u00e9s las 24 horas, los 7 d\u00edas de la semana.<\/p>\n<p>3, Comparar con <strong>autob\u00fas lanzadera del aeropuerto<\/strong> Ofrecemos traslados privados y no tendr\u00e1 que esperar un horario de salida fijo. Somos amables y le prometemos dejarle en cualquier lugar que indique en el mapa de Pek\u00edn. Nuestra camioneta tiene mayor espacio para usted y su familia. Haremos que todo sea f\u00e1cil y sin complicaciones.<\/p>\n<p>&nbsp;<\/p>\n<h3>Estaciones de tren de Pek\u00edn:<\/h3>\n<p>&nbsp;<\/p>\n<p><strong>Hay 4 estaciones de tren en Beijing. Puedes reconocerlas f\u00e1cilmente por el nombre de la estaci\u00f3n que aparece en tus billetes de tren:<\/strong><\/p>\n<p>&nbsp;<\/p>\n<p><strong>1, Estaci\u00f3n de tren de Pek\u00edn (Pek\u00edn)<\/strong><\/p>\n<p><a href=\"http:\/\/www.orange-transfer.com\/wp-content\/uploads\/2017\/01\/hc1.jpg\"><img decoding=\"async\" loading=\"lazy\" class=\"alignnone size-full wp-image-96\" src=\"http:\/\/www.orange-transfer.com\/wp-content\/uploads\/2017\/01\/hc1.jpg\" alt=\"\" width=\"535\" height=\"278\" srcset=\"https:\/\/www.orange-transfer.com\/wp-content\/uploads\/2017\/01\/hc1.jpg 535w, https:\/\/www.orange-transfer.com\/wp-content\/uploads\/2017\/01\/hc1-300x156.jpg 300w\" sizes=\"(max-width: 535px) 100vw, 535px\" \/><\/a><br \/>\n<strong>Agregar:<\/strong> Beijing Zhan Jie, distrito Dongcheng (ubicado en el centro, justo al sur del Beijing International Hotel) Tel: 51019999<br \/>\n<strong>Los trenes que salen de la estaci\u00f3n de tren de Pek\u00edn:<\/strong> Desde esta estaci\u00f3n salen trenes de Datong, Chengde, Hohhot, Harbin, Shenyang, Dalian, Qingdao, Jinan, Shangh\u00e1i, Nanjing, Hangzhou y otras ciudades. Algunas l\u00edneas internacionales (como la l\u00ednea ferroviaria que une Pek\u00edn con Pyongyang, Corea del Norte [RPDC], entre otras) tambi\u00e9n parten de esta estaci\u00f3n.<br \/>\n<strong>2, Estaci\u00f3n de tren de Pek\u00edn Oeste (Pek\u00edn Oeste)<\/strong><\/p>\n<p><a href=\"http:\/\/www.orange-transfer.com\/wp-content\/uploads\/2017\/01\/bjx-2.jpg\"><img decoding=\"async\" loading=\"lazy\" class=\"alignnone size-full wp-image-118\" src=\"http:\/\/www.orange-transfer.com\/wp-content\/uploads\/2017\/01\/bjx-2.jpg\" alt=\"\" width=\"533\" height=\"278\" srcset=\"https:\/\/www.orange-transfer.com\/wp-content\/uploads\/2017\/01\/bjx-2.jpg 533w, https:\/\/www.orange-transfer.com\/wp-content\/uploads\/2017\/01\/bjx-2-300x156.jpg 300w\" sizes=\"(max-width: 533px) 100vw, 533px\" \/><\/a><br \/>\n<strong>DIRECCI\u00d3N:<\/strong> Lianhuachi Donglu, distrito de Fengtai (justo al sur del Museo Militar de la Revoluci\u00f3n Popular China) Tel.: 51826253<br \/>\n<strong>Los trenes que salen de la estaci\u00f3n de tren oeste de Pek\u00edn:<\/strong> Xian, Luoyang, Chongqing, Chengdu, Lhasa, Urumqi, Guangzhou y Kowloon.<\/p>\n<p>&nbsp;<\/p>\n<p><strong>3, Estaci\u00f3n de tren del sur de Pek\u00edn (Beijing Sur)<\/strong><\/p>\n<p><a href=\"http:\/\/www.orange-transfer.com\/wp-content\/uploads\/2017\/01\/bjn-2.jpg\"><img decoding=\"async\" loading=\"lazy\" class=\"alignnone size-full wp-image-98\" src=\"http:\/\/www.orange-transfer.com\/wp-content\/uploads\/2017\/01\/bjn-2.jpg\" alt=\"\" width=\"533\" height=\"274\" srcset=\"https:\/\/www.orange-transfer.com\/wp-content\/uploads\/2017\/01\/bjn-2.jpg 533w, https:\/\/www.orange-transfer.com\/wp-content\/uploads\/2017\/01\/bjn-2-300x154.jpg 300w\" sizes=\"(max-width: 533px) 100vw, 533px\" \/><\/a><br \/>\n<strong>DIRECCI\u00d3N:<\/strong> Yongdingmenwai Dajie, distrito de Dongcheng (justo al sur de la segunda circunvalaci\u00f3n sur) Tel: 51867999<br \/>\n<strong>Los trenes que salen de la estaci\u00f3n de tren sur de Pek\u00edn:<\/strong> Sirviendo como terminal para trenes de alta velocidad a Tianjin, Jinan, Shanghai, Qingdao y otras ciudades.<\/p>\n<p>&nbsp;<\/p>\n<p><strong>4. Estaci\u00f3n de tren del norte de Pek\u00edn (Beijing Norte)<\/strong><\/p>\n<p><a href=\"http:\/\/www.orange-transfer.com\/wp-content\/uploads\/2017\/01\/bjb-1.jpg\"><img decoding=\"async\" loading=\"lazy\" class=\"alignnone size-full wp-image-97\" src=\"http:\/\/www.orange-transfer.com\/wp-content\/uploads\/2017\/01\/bjb-1.jpg\" alt=\"\" width=\"534\" height=\"276\" srcset=\"https:\/\/www.orange-transfer.com\/wp-content\/uploads\/2017\/01\/bjb-1.jpg 534w, https:\/\/www.orange-transfer.com\/wp-content\/uploads\/2017\/01\/bjb-1-300x155.jpg 300w\" sizes=\"(max-width: 534px) 100vw, 534px\" \/><\/a><br \/>\n<strong>Agregar:<\/strong> Xizhimen, distrito de Xicheng (justo al este del zool\u00f3gico de Beijing). Tel: 51866223<br \/>\n<strong>Los trenes que salen de la estaci\u00f3n de tren norte de Pek\u00edn:<\/strong> Ofrece servicios regulares de trenes interurbanos al norte y noroeste, incluyendo el Expreso de Pastizales Huhhot-Manzhouli (K274\/K275\/K277). Tambi\u00e9n es la terminal sur de los trenes S2 que van desde el centro de Pek\u00edn hasta la Gran Muralla de Badaling.<\/p>\n<p>&nbsp;<\/p>\n<h3><strong>Preguntas frecuentes sobre los servicios de traslado<\/strong><\/h3>\n<h4><strong>\u00bfQu\u00e9 pasa si mi vuelo se retrasa?<\/strong><\/h4>\n<ol>\n<li>Nos mantenemos al tanto del estado de su vuelo. Nos aseguramos de confirmar su informaci\u00f3n de embarque con la aerol\u00ednea una hora despu\u00e9s de la salida programada. Recibimos confirmaci\u00f3n de que est\u00e1 a bordo y de que su vuelo llegar\u00e1 a tiempo.<\/li>\n<\/ol>\n<ol start=\"2\">\n<li>Mediante una aplicaci\u00f3n m\u00f3vil, nuestro personal de operaciones y nuestro gu\u00eda verifican la hora de llegada el d\u00eda de su llegada. Utilizamos un sistema de seguimiento de vuelos en tiempo real. Nuestro gu\u00eda estar\u00e1 en la terminal 10 minutos antes de su llegada, y usted tardar\u00e1 entre 30 minutos y una hora despu\u00e9s de su llegada en pasar por la aduana y recoger su equipaje.<\/li>\n<\/ol>\n<p>Aplicaci\u00f3n m\u00f3vil para informaci\u00f3n de vuelos en tiempo real<\/p>\n<p><strong>\u00bfQu\u00e9 pasa si la hora de llegada de mi vuelo es anticipada o retrasada?<\/strong><\/p>\n<p>Para cualquier vuelo que llegue antes de las 6:00 a. m. o despu\u00e9s de las 10:00 p. m., solo ofrecemos servicio de traslado con conductor. Nuestros conductores tienen experiencia y hablan un poco de ingl\u00e9s. Para garantizar una comunicaci\u00f3n fluida entre usted y el conductor, hemos dise\u00f1ado un folleto de instrucciones biling\u00fce que el conductor lleva consigo, con preguntas y respuestas en chino e ingl\u00e9s. Adem\u00e1s, puede contactar con un traductor llamando a uno de nuestros contactos de emergencia. Haremos todo lo posible por resolver su problema en el momento.<\/p>\n<p><strong>\u00bfCu\u00e1nto peso puedo llevar a China? \u00bfY cu\u00e1nto tendr\u00eda que pagar por el peso extra?<\/strong><\/p>\n<p>El peso permitido para vuelos internacionales suele ser de 20 a 40 kg. Para vuelos nacionales, el peso permitido es de 20 kg. Por exceso de peso, se aplica un cargo de 1,51 TP3T del precio total del billete por kilo adicional. Por favor, aseg\u00farese de confirmarlo con su aerol\u00ednea. Adem\u00e1s, si trae equipaje de m\u00e1s o de mayor tama\u00f1o, le recomendamos informarnos para que podamos tomar las medidas necesarias si se requiere un cuidado especial para su equipaje (equipaje de mayor tama\u00f1o).<\/p>\n<p><strong>\u00bfQu\u00e9 debo hacer si mi visa china vence?<\/strong><\/p>\n<p>No se preocupe si su visa para China est\u00e1 a punto de vencer. Simplemente inf\u00f3rmenos y pida a su gu\u00eda que le acompa\u00f1e a la Oficina de Administraci\u00f3n de Entradas y Salidas de Beijing para extender su visa. Nuestra oficina local en Beijing puede proporcionarle un documento que acredite su estatus de turista y su fecha de salida. Normalmente, el tr\u00e1mite demora 3 d\u00edas h\u00e1biles.<\/p>\n<p>La zona de recogida y regreso al hotel debe estar dentro de la circunvalaci\u00f3n central de Pek\u00edn. Para distancias mayores, el traslado podr\u00eda tener un costo adicional. Su asesor de viajes le avisar\u00e1 al respecto.<\/p>\n<p>Si no podemos cumplir con los t\u00e9rminos y condiciones del contrato debido a guerra, inundaci\u00f3n, tif\u00f3n, incendio, huelga, tormenta, terremoto o cualquier otra condici\u00f3n imprevista, informaremos a los clientes lo antes posible y les ofreceremos las mejores soluciones. La factura final se calcular\u00e1 en funci\u00f3n de los servicios efectivamente prestados.<\/p>\n<ul>\n<li><strong>Hasta 7 d\u00edas antes de la salida:<\/strong> 100%: Reembolso de todo el dinero pagado, excluyendo las penalizaciones de hoteles, ferrocarriles, aerol\u00edneas y PayPal, si corresponde. Todas las penalizaciones se detallar\u00e1n.<\/li>\n<li><strong>De 3 a 7 d\u00edas antes de la salida:<\/strong> Reembolso 90%, excluyendo las penalizaciones de hoteles, ferrocarriles, aerol\u00edneas y PayPal, si corresponde. Todas las penalizaciones se detallar\u00e1n.<\/li>\n<li><strong>Dentro de los 3 d\u00edas anteriores a la salida:<\/strong> Sin reembolso.<\/li>\n<\/ul>\n<p>Lamentamos no poder reembolsar ning\u00fan monto una vez iniciado el tour por servicios cancelados debido a no participaci\u00f3n, salida anticipada, llegada tard\u00eda o d\u00edas perdidos en los tours.<\/p>\n<ul>\n<li><strong>Para grupos de m\u00e1s de 10 personas:<\/strong> Esto se gestiona caso por caso. Consulte con su asesor de viajes sobre la pol\u00edtica de cancelaci\u00f3n para su grupo.<\/li>\n<\/ul>\n<p><strong>Lo que nos hace diferentes:<\/strong><\/p>\n<p>Le asignaremos un gu\u00eda en cuanto confirmemos su tour. Antes de su salida, le enviaremos la informaci\u00f3n de contacto y las fotos de su gu\u00eda. Si lo desea, puede llamar a su gu\u00eda antes de la salida.<\/p>\n<p><strong>Seguro y confiable<\/strong><\/p>\n<p>Ofrecemos a nuestros clientes conductores competentes y confiables. Nuestros conductores est\u00e1n familiarizados con rutas a destinos tur\u00edsticos, hoteles y restaurantes.<\/p>\n<p><strong>Acerca de nuestros veh\u00edculos<\/strong><\/p>\n<p>Nuestros veh\u00edculos est\u00e1n autorizados y registrados por la administraci\u00f3n de turismo de Beijing.<\/p>\n<p>Nuestro veh\u00edculo estar\u00e1 completamente equipado con wifi, silla de beb\u00e9 si es necesario, GPS y software de informaci\u00f3n de tr\u00e1fico. Para ahorrar tiempo y evitar congestiones de tr\u00e1fico, nuestro software de informaci\u00f3n de tr\u00e1fico le dar\u00e1 a su conductor una idea de la situaci\u00f3n del tr\u00e1fico.<\/p>\n<p>Reemplazamos nuestros veh\u00edculos tur\u00edsticos cada 4 a\u00f1os, por lo que su veh\u00edculo tur\u00edstico tendr\u00e1 menos de 2 a\u00f1os.<\/p>\n<p>Para que pueda tener una idea de c\u00f3mo ser\u00e1 su veh\u00edculo tur\u00edstico, le enviaremos fotograf\u00edas del mismo antes de su partida.<\/p>\n<p>Todos nuestros veh\u00edculos est\u00e1n asegurados y cada asiento cubre hasta 50.000 RMB.<\/p>\n<p><strong>Seguro y c\u00f3modo<\/strong><\/p>\n<p>Tenemos experiencia en la gesti\u00f3n de circunstancias impredecibles, como la b\u00fasqueda de equipaje perdido, problemas con visas, etc. Nuestro gu\u00eda tur\u00edstico y conductor son amables, entusiastas y estar\u00e1n encantados de ayudarle. No dude en avisar a su gu\u00eda si necesita ayuda.<\/p>\n<p>Nuestra base en Beijing cuenta con m\u00e1s de 50 empleados locales experimentados para resolver sus problemas en el lugar.<\/p>","protected":false},"excerpt":{"rendered":"<p>\u00a0 Transfers to &amp; from Beijing Airport starting from 25usd\/person Meet &amp; Greet \/ Waiting &amp; Parking \/ Flight Tracking included Driver dress in formal, Well behaved, with clean car and reliable service everytime Book a taxi within minutes and pay by cash or card (online) Affordable prices and value for money on each occasion [&hellip;]<\/p>","protected":false},"author":1,"featured_media":0,"parent":0,"menu_order":0,"comment_status":"closed","ping_status":"closed","template":"","meta":[],"_links":{"self":[{"href":"https:\/\/www.orange-transfer.com\/es\/wp-json\/wp\/v2\/pages\/75"}],"collection":[{"href":"https:\/\/www.orange-transfer.com\/es\/wp-json\/wp\/v2\/pages"}],"about":[{"href":"https:\/\/www.orange-transfer.com\/es\/wp-json\/wp\/v2\/types\/page"}],"author":[{"embeddable":true,"href":"https:\/\/www.orange-transfer.com\/es\/wp-json\/wp\/v2\/users\/1"}],"replies":[{"embeddable":true,"href":"https:\/\/www.orange-transfer.com\/es\/wp-json\/wp\/v2\/comments?post=75"}],"version-history":[{"count":1,"href":"https:\/\/www.orange-transfer.com\/es\/wp-json\/wp\/v2\/pages\/75\/revisions"}],"predecessor-version":[{"id":11687,"href":"https:\/\/www.orange-transfer.com\/es\/wp-json\/wp\/v2\/pages\/75\/revisions\/11687"}],"wp:attachment":[{"href":"https:\/\/www.orange-transfer.com\/es\/wp-json\/wp\/v2\/media?parent=75"}],"curies":[{"name":"wp","href":"https:\/\/api.w.org\/{rel}","templated":true}]}}