{"id":134,"date":"2017-01-08T05:23:55","date_gmt":"2017-01-07T21:23:55","guid":{"rendered":"http:\/\/orange-transfer.com\/?page_id=134"},"modified":"2025-01-13T18:36:00","modified_gmt":"2025-01-13T10:36:00","slug":"about-us","status":"publish","type":"page","link":"https:\/\/www.orange-transfer.com\/fr\/a-propos-de-nous\/","title":{"rendered":"\u00c0 PROPOS DE NOUS"},"content":{"rendered":"<h3>M. Orange Transferts et Tours :<\/h3>\n<div><\/div>\n<div><\/div>\n<div>Mr Orange Transfer est une entreprise de limousine professionnelle. Notre objectif est de cr\u00e9er un service de transfert innovant et agr\u00e9able, offrant un produit de qualit\u00e9 qui r\u00e9pond \u00e0 vos besoins sans vous ruiner. Nous avons \u00e9tudi\u00e9 plus de 1\u00a0000 avis sur les services de transfert et avons apport\u00e9 des solutions aux probl\u00e8mes fr\u00e9quents rencontr\u00e9s lors des transferts en taxi.<\/div>\n<div><\/div>\n<div><\/div>\n<div><\/div>\n<div><strong>1. Les services de transfert sont chers.<\/strong><\/div>\n<div>Nous ne d\u00e9pensons pas un centime en publicit\u00e9 sur les moteurs de recherche pour rendre notre prix 20% moins cher que celui des concurrents. Tous nos clients viennent \u00e0 nous par le bouche \u00e0 oreille.<\/div>\n<div><\/div>\n<div><\/div>\n<div><\/div>\n<div><strong>2. Les chauffeurs ne se pr\u00e9sentent pas \u00e0 l&#039;a\u00e9roport<\/strong><\/div>\n<div>Nos chauffeurs sont pri\u00e9s de signaler leur intervention via l&#039;application en cinq \u00e9tapes simples, afin que nous sachions pr\u00e9cis\u00e9ment o\u00f9 ils se trouvent. Nous avons veill\u00e9 \u00e0 ce que vous puissiez voir votre chauffeur d\u00e8s votre sortie de l&#039;a\u00e9roport.<\/div>\n<div><\/div>\n<div><\/div>\n<div><\/div>\n<div><strong>3, La voiture est sale et sent la fum\u00e9e.<\/strong><\/div>\n<div>Cela n&#039;arrivera jamais sur nos voitures, si cela se produit, prenez une photo de l&#039;endroit sale et envoyez-la-nous par e-mail, nous vous rembourserons int\u00e9gralement imm\u00e9diatement.<\/div>\n<div><\/div>\n<div><\/div>\n<div><\/div>\n<div><strong>4. Le chauffeur est impoli et fait payer trop cher le client<\/strong><\/div>\n<div>Cela ne vous arrivera jamais, notre chauffeur a suivi un programme de formation de 100 heures, ils s&#039;habillent toujours de mani\u00e8re formelle et se comportent bien. De plus, nos prix sont tout compris.<\/div>\n<div><\/div>\n<div><\/div>\n<div><\/div>\n<div><strong>5, Mon vol a \u00e9t\u00e9 retard\u00e9, le chauffeur n&#039;\u00e9tait pas pr\u00e9sent quand je suis sorti.<\/strong><\/div>\n<div>Cela ne vous arrivera jamais, tous nos chauffeurs et notre personnel d&#039;exploitation sont \u00e9quip\u00e9s d&#039;une application de suivi de vol, ils confirmeront deux fois l&#039;heure d&#039;arriv\u00e9e le jour de l&#039;arriv\u00e9e.<\/div>","protected":false},"excerpt":{"rendered":"<p>Mr orange Transfers and Tours: Mr orange transfer is a professional limo service company&nbsp;, We aim on creating a new and nice&nbsp;transfer service, offering a good product that meets your needs, but doesn&#8217;t tear a hole in your pocket. We study&nbsp;on 1000+ reviews on transfer service and have successfully provided the solution to those problems [&hellip;]<\/p>","protected":false},"author":1,"featured_media":196,"parent":0,"menu_order":0,"comment_status":"closed","ping_status":"closed","template":"","meta":[],"_links":{"self":[{"href":"https:\/\/www.orange-transfer.com\/fr\/wp-json\/wp\/v2\/pages\/134"}],"collection":[{"href":"https:\/\/www.orange-transfer.com\/fr\/wp-json\/wp\/v2\/pages"}],"about":[{"href":"https:\/\/www.orange-transfer.com\/fr\/wp-json\/wp\/v2\/types\/page"}],"author":[{"embeddable":true,"href":"https:\/\/www.orange-transfer.com\/fr\/wp-json\/wp\/v2\/users\/1"}],"replies":[{"embeddable":true,"href":"https:\/\/www.orange-transfer.com\/fr\/wp-json\/wp\/v2\/comments?post=134"}],"version-history":[{"count":3,"href":"https:\/\/www.orange-transfer.com\/fr\/wp-json\/wp\/v2\/pages\/134\/revisions"}],"predecessor-version":[{"id":20272,"href":"https:\/\/www.orange-transfer.com\/fr\/wp-json\/wp\/v2\/pages\/134\/revisions\/20272"}],"wp:featuredmedia":[{"embeddable":true,"href":"https:\/\/www.orange-transfer.com\/fr\/wp-json\/wp\/v2\/media\/196"}],"wp:attachment":[{"href":"https:\/\/www.orange-transfer.com\/fr\/wp-json\/wp\/v2\/media?parent=134"}],"curies":[{"name":"wp","href":"https:\/\/api.w.org\/{rel}","templated":true}]}}