{"id":35924,"date":"2025-03-18T15:09:50","date_gmt":"2025-03-18T07:09:50","guid":{"rendered":"https:\/\/www.orange-transfer.com\/?page_id=35924"},"modified":"2025-03-18T16:47:23","modified_gmt":"2025-03-18T08:47:23","slug":"travel-accident-insurance","status":"publish","type":"page","link":"https:\/\/www.orange-transfer.com\/fr\/assurance-accident-de-voyage\/","title":{"rendered":"Assurance accidents de voyage"},"content":{"rendered":"<blockquote class=\"wp-block-quote\">\n<p>Chers clients :<\/p>\n\n\n\n<p>Merci d&#039;avoir r\u00e9serv\u00e9 un service de location de voiture avec Mr. Orange. En tant que client privil\u00e9gi\u00e9, nous sommes heureux de vous offrir une assurance accidents de voyage gratuite d&#039;une valeur de 50\u00a0000 RMB. Nous vous conseillons de compl\u00e9ter soigneusement les informations ci-dessous afin de b\u00e9n\u00e9ficier d&#039;une couverture compl\u00e8te en cas d&#039;impr\u00e9vus lors de votre utilisation de notre service de location.<\/p>\n\n\n\n<p>Veuillez noter que ce produit d&#039;assurance offre une couverture fondamentale pour les accidents de voyage en Chine. Il est con\u00e7u pour couvrir les risques localis\u00e9s et ne remplace pas une assurance voyage internationale compl\u00e8te. Pour une couverture applicable aux voyages \u00e0 l&#039;\u00e9tranger, nous vous recommandons de consulter votre assureur afin de vous assurer d&#039;une protection ad\u00e9quate.<\/p>\n\n\n\n<p><a href=\"https:\/\/www.orange-transfer.com\/fr\/travel-happy-insurance-policy-pacific-insurance-cpic\/\" target=\"_blank\" rel=\"noreferrer noopener\"><strong>En savoir plus sur l&#039;assurance accidents de voyage en Chine<\/strong>:<\/a><\/p>\n\n\n\n<p>Merci.<\/p>\n\n\n\n<p>David<\/p>\n\n\n\n<p>M. Orange Transfer<\/p>\n<\/blockquote>\n\n\n\n<figure class=\"wp-block-image size-full\"><img decoding=\"async\" loading=\"lazy\" width=\"720\" height=\"480\" src=\"https:\/\/www.orange-transfer.com\/wp-content\/uploads\/2025\/03\/ac.jpg\" alt=\"\" class=\"wp-image-35949\" srcset=\"https:\/\/www.orange-transfer.com\/wp-content\/uploads\/2025\/03\/ac.jpg 720w, https:\/\/www.orange-transfer.com\/wp-content\/uploads\/2025\/03\/ac-300x200.jpg 300w, https:\/\/www.orange-transfer.com\/wp-content\/uploads\/2025\/03\/ac-600x400.jpg 600w\" sizes=\"(max-width: 720px) 100vw, 720px\" \/><\/figure>\n\n\n\n<h2>Assurance accidents de voyage en Chine :<\/h2>\n\n\n\n<p><strong>Nous vous conseillons de compl\u00e9ter soigneusement les informations ci-dessous afin de garantir une couverture compl\u00e8te pour toute circonstance impr\u00e9vue pouvant survenir lors de votre utilisation de notre service affr\u00e9t\u00e9.<\/strong><\/p>\n\n\n\n\n<div class=\"wpcf7 no-js\" id=\"wpcf7-f35931-o1\" lang=\"en-US\" dir=\"ltr\">\n<div class=\"screen-reader-response\"><p role=\"status\" aria-live=\"polite\" aria-atomic=\"true\"><\/p> <ul><\/ul><\/div>\n<form action=\"\/fr\/wp-json\/wp\/v2\/pages\/35924#wpcf7-f35931-o1\" method=\"post\" class=\"wpcf7-form init\" aria-label=\"Contact form\" novalidate=\"novalidate\" data-status=\"init\" data-trp-original-action=\"\/fr\/wp-json\/wp\/v2\/pages\/35924#wpcf7-f35931-o1\">\n<div style=\"display: none;\">\n<input type=\"hidden\" name=\"_wpcf7\" value=\"35931\" \/>\n<input type=\"hidden\" name=\"_wpcf7_version\" value=\"5.7.5.1\" \/>\n<input type=\"hidden\" name=\"_wpcf7_locale\" value=\"en_US\" \/>\n<input type=\"hidden\" name=\"_wpcf7_unit_tag\" value=\"wpcf7-f35931-o1\" \/>\n<input type=\"hidden\" name=\"_wpcf7_container_post\" value=\"0\" \/>\n<input type=\"hidden\" name=\"_wpcf7_posted_data_hash\" value=\"\" \/>\n<\/div>\n<p><label> Votre nom<br \/>\n<span class=\"wpcf7-form-control-wrap\" data-name=\"your-name\"><input size=\"40\" class=\"wpcf7-form-control wpcf7-text wpcf7-validates-as-required\" autocomplete=\"name\" aria-required=\"true\" aria-invalid=\"false\" value=\"\" type=\"text\" name=\"your-name\" \/><\/span> <\/label>\n<\/p>\n<p><label> Votre email<br \/>\n<span class=\"wpcf7-form-control-wrap\" data-name=\"your-email\"><input size=\"40\" class=\"wpcf7-form-control wpcf7-text wpcf7-email wpcf7-validates-as-required wpcf7-validates-as-email\" autocomplete=\"email\" aria-required=\"true\" aria-invalid=\"false\" value=\"\" type=\"email\" name=\"your-email\" \/><\/span> <\/label>\n<\/p>\n<p><label> Num\u00e9ro de r\u00e9f\u00e9rence de r\u00e9servation<br \/>\n<span class=\"wpcf7-form-control-wrap\" data-name=\"Your-Bookingnumber\"><input size=\"40\" class=\"wpcf7-form-control wpcf7-text wpcf7-validates-as-required\" aria-required=\"true\" aria-invalid=\"false\" value=\"\" type=\"text\" name=\"Your-Bookingnumber\" \/><\/span> <\/label>\n<\/p>\n<p><label> Date du voyage<br \/>\n<span class=\"wpcf7-form-control-wrap\" data-name=\"Your-Traveldate\"><input class=\"wpcf7-form-control wpcf7-date wpcf7-validates-as-date\" aria-invalid=\"false\" value=\"\" type=\"date\" name=\"Your-Traveldate\" \/><\/span><br \/>\n<\/label>\n<\/p>\n<p><label> Nationalit\u00e9<br \/>\n<span class=\"wpcf7-form-control-wrap\" data-name=\"Your-Nationality\"><input size=\"40\" class=\"wpcf7-form-control wpcf7-text wpcf7-validates-as-required\" aria-required=\"true\" aria-invalid=\"false\" value=\"\" type=\"text\" name=\"Your-Nationality\" \/><\/span> <\/label>\n<\/p>\n<p><label> Num\u00e9ro de passeport<br \/>\n<span class=\"wpcf7-form-control-wrap\" data-name=\"Your-PassportNumber\"><input size=\"40\" class=\"wpcf7-form-control wpcf7-text wpcf7-validates-as-required\" aria-required=\"true\" aria-invalid=\"false\" value=\"\" type=\"text\" name=\"Your-PassportNumber\" \/><\/span> <\/label>\n<\/p>\n<p><label> Date de naissance<br \/>\n<span class=\"wpcf7-form-control-wrap\" data-name=\"Your-Birthdate\"><input class=\"wpcf7-form-control wpcf7-date wpcf7-validates-as-date\" aria-invalid=\"false\" value=\"\" type=\"date\" name=\"Your-Birthdate\" \/><\/span><br \/>\n<\/label>\n<\/p>\n<p><label> Articles de service et date<br \/>\n<span class=\"wpcf7-form-control-wrap\" data-name=\"your-message\"><textarea cols=\"40\" rows=\"10\" class=\"wpcf7-form-control wpcf7-textarea\" aria-invalid=\"false\" name=\"your-message\"><\/textarea><\/span> <\/label>\n<\/p>\n<p><span class=\"wpcf7-form-control-wrap kc_captcha\" data-name=\"kc_captcha\"><span class=\"wpcf7-form-control wpcf7-radio\"><span class=\"captcha-image\" ><span class=\"cf7ic_instructions\">Veuillez prouver que vous \u00eates humain en s\u00e9lectionnant<span> le drapeau<\/span>.<\/span><label><input aria-label=\"1\" type=\"radio\" name=\"kc_captcha\" value=\"bot\" \/><svg width=\"50\" height=\"50\" aria-hidden=\"true\" role=\"img\" xmlns=\"http:\/\/www.w3.org\/2000\/svg\" viewbox=\"0 0 640 512\"><path fill=\"currentColor\" d=\"M192 384h192c53 0 96-43 96-96h32a128 128 0 000-256H120c-13 0-24 11-24 24v232c0 53 43 96 96 96zM512 96a64 64 0 010 128h-32V96h32zm48 384H48c-47 0-61-64-36-64h584c25 0 11 64-36 64z\"\/><\/svg><\/label><label><input aria-label=\"2\" type=\"radio\" name=\"kc_captcha\" value=\"kc_human\" \/><svg width=\"50\" height=\"50\" aria-hidden=\"true\" role=\"img\" xmlns=\"http:\/\/www.w3.org\/2000\/svg\" viewbox=\"0 0 512 512\"><path fill=\"currentColor\" d=\"M350 99c-54 0-98-35-166-35-25 0-47 4-68 12a56 56 0 004-24C118 24 95 1 66 0a56 56 0 00-34 102v386c0 13 11 24 24 24h16c13 0 24-11 24-24v-94c28-12 64-23 114-23 54 0 98 35 166 35 48 0 86-16 122-41 9-6 14-15 14-26V96c0-23-24-39-45-29-35 16-77 32-117 32z\"\/><\/svg><\/label><label><input aria-label=\"3\" type=\"radio\" name=\"kc_captcha\" value=\"bot\" \/><svg width=\"50\" height=\"50\" aria-hidden=\"true\" role=\"img\" xmlns=\"http:\/\/www.w3.org\/2000\/svg\" viewbox=\"0 0 576 512\"><path fill=\"currentColor\" d=\"M472 200H360L256 6a12 12 0 00-10-6h-58c-8 0-14 7-12 15l34 185H100l-35-58a12 12 0 00-10-6H12c-8 0-13 7-12 14l21 106L0 362c-1 7 4 14 12 14h43c4 0 8-2 10-6l35-58h110l-34 185c-2 8 4 15 12 15h58a12 12 0 0010-6l104-194h112c57 0 104-25 104-56s-47-56-104-56z\"\/><\/svg><\/label>\r\n    <\/span>\r\n    <span style=\"display:none\">\r\n        <input type=\"text\" name=\"kc_honeypot\">\r\n    <\/span><\/span><\/span>\n<\/p>\n<p><input class=\"wpcf7-form-control has-spinner wpcf7-submit\" type=\"submit\" value=\"Soumettre\" \/>\n<\/p><div class=\"wpcf7-response-output\" aria-hidden=\"true\"><\/div>\n<input type=\"hidden\" name=\"trp-form-language\" value=\"fr\"\/><\/form>\n<\/div>","protected":false},"excerpt":{"rendered":"<p>Dear Customers: Thank you for booking Mr. Orange Chartered Service. As our valued guest, we are pleased to provide you with a complimentary travel accident insurance policy worth RMB 50,000. We kindly advise you to carefully complete the information below to ensure comprehensive coverage for any unforeseen circumstances that may arise during your use of [&hellip;]<\/p>","protected":false},"author":3,"featured_media":0,"parent":0,"menu_order":0,"comment_status":"closed","ping_status":"closed","template":"","meta":[],"_links":{"self":[{"href":"https:\/\/www.orange-transfer.com\/fr\/wp-json\/wp\/v2\/pages\/35924"}],"collection":[{"href":"https:\/\/www.orange-transfer.com\/fr\/wp-json\/wp\/v2\/pages"}],"about":[{"href":"https:\/\/www.orange-transfer.com\/fr\/wp-json\/wp\/v2\/types\/page"}],"author":[{"embeddable":true,"href":"https:\/\/www.orange-transfer.com\/fr\/wp-json\/wp\/v2\/users\/3"}],"replies":[{"embeddable":true,"href":"https:\/\/www.orange-transfer.com\/fr\/wp-json\/wp\/v2\/comments?post=35924"}],"version-history":[{"count":7,"href":"https:\/\/www.orange-transfer.com\/fr\/wp-json\/wp\/v2\/pages\/35924\/revisions"}],"predecessor-version":[{"id":35975,"href":"https:\/\/www.orange-transfer.com\/fr\/wp-json\/wp\/v2\/pages\/35924\/revisions\/35975"}],"wp:attachment":[{"href":"https:\/\/www.orange-transfer.com\/fr\/wp-json\/wp\/v2\/media?parent=35924"}],"curies":[{"name":"wp","href":"https:\/\/api.w.org\/{rel}","templated":true}]}}