{"id":75,"date":"2017-01-05T09:01:06","date_gmt":"2017-01-05T01:01:06","guid":{"rendered":"http:\/\/orange-transfer.com\/?page_id=75"},"modified":"2017-01-07T13:17:14","modified_gmt":"2017-01-07T05:17:14","slug":"beijing-train-station-transfer","status":"publish","type":"page","link":"https:\/\/www.orange-transfer.com\/fr\/beijing-train-station-transfer\/","title":{"rendered":"Beijing train station transfer"},"content":{"rendered":"<h3>\u00a0<a href=\"http:\/\/www.orange-transfer.com\/wp-content\/uploads\/2017\/01\/123da.png\"><img decoding=\"async\" loading=\"lazy\" class=\"alignnone size-full wp-image-120\" src=\"http:\/\/www.orange-transfer.com\/wp-content\/uploads\/2017\/01\/123da.png\" alt=\"\" width=\"1187\" height=\"422\" srcset=\"https:\/\/www.orange-transfer.com\/wp-content\/uploads\/2017\/01\/123da.png 1187w, https:\/\/www.orange-transfer.com\/wp-content\/uploads\/2017\/01\/123da-600x213.png 600w, https:\/\/www.orange-transfer.com\/wp-content\/uploads\/2017\/01\/123da-300x107.png 300w, https:\/\/www.orange-transfer.com\/wp-content\/uploads\/2017\/01\/123da-768x273.png 768w, https:\/\/www.orange-transfer.com\/wp-content\/uploads\/2017\/01\/123da-1024x364.png 1024w\" sizes=\"(max-width: 1187px) 100vw, 1187px\" \/><\/a><\/h3>\n<p><a href=\"http:\/\/www.orange-transfer.com\/wp-content\/uploads\/2017\/01\/hook.png\"><img decoding=\"async\" loading=\"lazy\" class=\"alignnone size-full wp-image-36\" src=\"http:\/\/www.orange-transfer.com\/wp-content\/uploads\/2017\/01\/hook.png\" alt=\"\" width=\"31\" height=\"34\" \/><\/a>Transferts depuis et vers l&#039;a\u00e9roport de P\u00e9kin \u00e0 partir de 25 USD\/personne<\/p>\n<p><a href=\"http:\/\/www.orange-transfer.com\/wp-content\/uploads\/2017\/01\/hook.png\"><img decoding=\"async\" loading=\"lazy\" class=\"alignnone size-full wp-image-36\" src=\"http:\/\/www.orange-transfer.com\/wp-content\/uploads\/2017\/01\/hook.png\" alt=\"\" width=\"31\" height=\"34\" \/><\/a>Accueil \/ Attente et stationnement \/ Suivi des vols inclus<\/p>\n<p><a href=\"http:\/\/www.orange-transfer.com\/wp-content\/uploads\/2017\/01\/hook.png\"><img decoding=\"async\" loading=\"lazy\" class=\"alignnone size-full wp-image-36\" src=\"http:\/\/www.orange-transfer.com\/wp-content\/uploads\/2017\/01\/hook.png\" alt=\"\" width=\"31\" height=\"34\" \/><\/a>Le chauffeur est habill\u00e9 de mani\u00e8re formelle, bien \u00e9lev\u00e9, avec une voiture propre et un service fiable \u00e0 chaque fois<\/p>\n<p><a href=\"http:\/\/www.orange-transfer.com\/wp-content\/uploads\/2017\/01\/hook.png\"><img decoding=\"async\" loading=\"lazy\" class=\"alignnone size-full wp-image-36\" src=\"http:\/\/www.orange-transfer.com\/wp-content\/uploads\/2017\/01\/hook.png\" alt=\"\" width=\"31\" height=\"34\" \/><\/a>R\u00e9servez un taxi en quelques minutes et payez en esp\u00e8ces ou par carte (en ligne)<\/p>\n<p><a href=\"http:\/\/www.orange-transfer.com\/wp-content\/uploads\/2017\/01\/hook.png\"><img decoding=\"async\" loading=\"lazy\" class=\"alignnone size-full wp-image-36\" src=\"http:\/\/www.orange-transfer.com\/wp-content\/uploads\/2017\/01\/hook.png\" alt=\"\" width=\"31\" height=\"34\" \/><\/a>Des prix abordables et un bon rapport qualit\u00e9-prix \u00e0 chaque occasion<\/p>\n<p><a href=\"http:\/\/www.orange-transfer.com\/wp-content\/uploads\/2017\/01\/hook.png\"><img decoding=\"async\" loading=\"lazy\" class=\"alignnone size-full wp-image-36\" src=\"http:\/\/www.orange-transfer.com\/wp-content\/uploads\/2017\/01\/hook.png\" alt=\"\" width=\"31\" height=\"34\" \/><\/a>V\u00e9hicules pouvant accueillir jusqu&#039;\u00e0 8 passagers + bagages disponibles<\/p>\n<p>&nbsp;<\/p>\n<p><img decoding=\"async\" loading=\"lazy\" class=\"alignnone size-full wp-image-22\" src=\"http:\/\/www.orange-transfer.com\/wp-content\/uploads\/2017\/01\/new2.png\" alt=\"\" width=\"800\" height=\"300\" srcset=\"https:\/\/www.orange-transfer.com\/wp-content\/uploads\/2017\/01\/new2.png 800w, https:\/\/www.orange-transfer.com\/wp-content\/uploads\/2017\/01\/new2-600x225.png 600w, https:\/\/www.orange-transfer.com\/wp-content\/uploads\/2017\/01\/new2-300x113.png 300w, https:\/\/www.orange-transfer.com\/wp-content\/uploads\/2017\/01\/new2-768x288.png 768w\" sizes=\"(max-width: 800px) 100vw, 800px\" \/><\/p>\n<p>\u201cWe pride ourselves as the UNIQUE Beijing local travel agency that provides a secure, reliable, fast and serene airport and train transfer service, with a 24-7 customer service. We don\u2019t just assist our customers with hotel and airport staff communication but we are also efficient in handling unanticipated circumstances such as lost luggage, visa problems amongst many others. In case your luggage gets missing, you can be rest assured that we will launch an immediate luggage search to find it.<\/p>\n<p>Choose us and make an exceptional start to your China trip!\u201d<\/p>\n<p>&nbsp;<\/p>\n<h3>\u00a0Comment nous assurons-nous que nos services sont toujours fiables et ponctuels\u00a0:<\/h3>\n<p>&nbsp;<\/p>\n<p><strong>1, Our driver are requested to\u00a0report their work in 5 procedures via Wechat app every time.<\/strong><\/p>\n<p><a href=\"http:\/\/www.orange-transfer.com\/wp-content\/uploads\/2017\/01\/wechat-1.png\"><img decoding=\"async\" loading=\"lazy\" class=\"alignnone wp-image-70 size-large\" src=\"http:\/\/www.orange-transfer.com\/wp-content\/uploads\/2017\/01\/wechat-1-1024x262.png\" width=\"1024\" height=\"262\" srcset=\"https:\/\/www.orange-transfer.com\/wp-content\/uploads\/2017\/01\/wechat-1-1024x262.png 1024w, https:\/\/www.orange-transfer.com\/wp-content\/uploads\/2017\/01\/wechat-1-600x154.png 600w, https:\/\/www.orange-transfer.com\/wp-content\/uploads\/2017\/01\/wechat-1-300x77.png 300w, https:\/\/www.orange-transfer.com\/wp-content\/uploads\/2017\/01\/wechat-1-768x197.png 768w, https:\/\/www.orange-transfer.com\/wp-content\/uploads\/2017\/01\/wechat-1.png 1835w\" sizes=\"(max-width: 1024px) 100vw, 1024px\" \/><\/a><\/p>\n<p>&nbsp;<\/p>\n<p><strong>2,\u00a0Before getting to Beijing, you\u2019ll receive the following information from us:<\/strong><\/p>\n<p>Driver&#8217;s name<\/p>\n<p>Driver&#8217;s photo<\/p>\n<p>Driver&#8217;s contact Number<\/p>\n<p>Vehicle&#8217;s plate Number<\/p>\n<p>Vehicle&#8217;s branding<\/p>\n<p>Capacit\u00e9 pour les clients et les langues<\/p>\n<p>Carte \u00e9lectronique de P\u00e9kin<\/p>\n<p>Instructions de la gare de P\u00e9kin<\/p>\n<p>&nbsp;<\/p>\n<h3>Itin\u00e9raire:<\/h3>\n<p><strong>Beijing Arrival<\/strong><\/p>\n<p>Upon arrival in Beijing airport or train station, walk to the designated position as shown in the picture. There, you will meet our driver.\u00a0In case you are unable to see our driver (this has never happened before), we strongly suggest you try the following procedure to get in touch with us. We will do our best to solve your problem on the spot.<\/p>\n<p>Go to the information desk opposite the terminal exit (staff there speak English and are always ready to help), and ask the staff to make a phone call to your guide.<\/p>\n<p>Appelez notre ligne d\u2019urgence 24h\/24 et 7j\/7 indiqu\u00e9e dans notre lettre de confirmation et demandez de l\u2019aide.<\/p>\n<p>&nbsp;<\/p>\n<h3>Le panneau de bienvenue M. Orange est le plus distinctif parmi la foule de personnes qui attendent, et vous le reconna\u00eetrez imm\u00e9diatement :<\/h3>\n<p><a href=\"http:\/\/www.orange-transfer.com\/wp-content\/uploads\/2017\/01\/wait.png\"><img decoding=\"async\" loading=\"lazy\" class=\"alignnone size-full wp-image-40\" src=\"http:\/\/www.orange-transfer.com\/wp-content\/uploads\/2017\/01\/wait.png\" alt=\"\" width=\"800\" height=\"400\" srcset=\"https:\/\/www.orange-transfer.com\/wp-content\/uploads\/2017\/01\/wait.png 800w, https:\/\/www.orange-transfer.com\/wp-content\/uploads\/2017\/01\/wait-600x300.png 600w, https:\/\/www.orange-transfer.com\/wp-content\/uploads\/2017\/01\/wait-300x150.png 300w, https:\/\/www.orange-transfer.com\/wp-content\/uploads\/2017\/01\/wait-768x384.png 768w\" sizes=\"(max-width: 800px) 100vw, 800px\" \/><\/a><\/p>\n<p><strong>Driver &amp; Guide Service<\/strong><\/p>\n<p>Notre chauffeur peut vous indiquer les toilettes et le bureau de change les plus proches. Demandez \u00e0 votre guide si vous avez besoin de changer des devises en yuans chinois.<\/p>\n<p>\u00c0 l&#039;h\u00f4tel\/a\u00e9roport, votre chauffeur vous aidera avec vos bagages et les formalit\u00e9s d&#039;enregistrement.<\/p>\n<p>Les coffres de nos v\u00e9hicules sont suffisamment spacieux pour vos bagages.<\/p>\n<p>Nos v\u00e9hicules sont \u00e9quip\u00e9s du Wi-Fi, d&#039;un GPS et d&#039;un si\u00e8ge b\u00e9b\u00e9. Veuillez demander \u00e0 votre chauffeur si vous avez besoin d&#039;un si\u00e8ge b\u00e9b\u00e9.<\/p>\n<p>Vous disposerez d&#039;un peu de temps pour rejoindre votre chambre et vous rafra\u00eechir. Apr\u00e8s cela, votre guide vous fera une visite guid\u00e9e facultative de 30 minutes de votre h\u00f4tel. Au cours de cette courte visite, il vous indiquera les meilleurs restaurants et boutiques. Il les indiquera sur votre plan afin que vous puissiez facilement vous y rendre par vous-m\u00eame.<\/p>\n<p><strong>\u00a0<\/strong><\/p>\n<p><strong>Nos v\u00e9hicules :<\/strong><\/p>\n<p>Nos v\u00e9hicules sont \u00e9quip\u00e9s d&#039;un syst\u00e8me GPS et d&#039;un appareil WI-FI embarqu\u00e9.<\/p>\n<p>&nbsp;<\/p>\n<p><a href=\"http:\/\/www.orange-transfer.com\/wp-content\/uploads\/2017\/01\/TYPE6.png\"><img decoding=\"async\" loading=\"lazy\" class=\"alignnone size-full wp-image-84\" src=\"http:\/\/www.orange-transfer.com\/wp-content\/uploads\/2017\/01\/TYPE6.png\" alt=\"\" width=\"800\" height=\"386\" srcset=\"https:\/\/www.orange-transfer.com\/wp-content\/uploads\/2017\/01\/TYPE6.png 800w, https:\/\/www.orange-transfer.com\/wp-content\/uploads\/2017\/01\/TYPE6-600x290.png 600w, https:\/\/www.orange-transfer.com\/wp-content\/uploads\/2017\/01\/TYPE6-300x145.png 300w, https:\/\/www.orange-transfer.com\/wp-content\/uploads\/2017\/01\/TYPE6-768x371.png 768w\" sizes=\"(max-width: 800px) 100vw, 800px\" \/><\/a><\/p>\n<p>&nbsp;<\/p>\n<h3>Pourquoi choisir Mr Orange :<\/h3>\n<p>1,Comparer avec<strong> chemin de fer express<\/strong> Nos transferts sont priv\u00e9s et confortables. Notre chauffeur vous accueillera \u00e0 l&#039;endroit indiqu\u00e9 avec une pancarte. Nous ferons en sorte que tout se d\u00e9roule sans encombre.<\/p>\n<p>2, Comparer avec <strong>service de taxi d&#039;a\u00e9roport<\/strong> Nous sommes 40% Moins cher et sans suppl\u00e9ment Nos vans sont confortables et non-fumeurs. Notre chauffeur s&#039;habille de mani\u00e8re formelle et toujours bien \u00e9lev\u00e9. Nous offrons un service client anglophone 7*24h\/24.<\/p>\n<p>3, Comparer avec <strong>navette a\u00e9roportuaire<\/strong> Nous proposons un service de transfert priv\u00e9, vous n&#039;aurez donc pas \u00e0 attendre un horaire de d\u00e9part fixe. Nous sommes d\u00e9contract\u00e9s et nous nous engageons \u00e0 vous d\u00e9poser o\u00f9 vous le souhaitez sur la carte de P\u00e9kin. Nos vans sont plus spacieux pour vous et votre famille. Nous vous faciliterons la vie.<\/p>\n<p>&nbsp;<\/p>\n<h3>Beijing railway stations:<\/h3>\n<p>&nbsp;<\/p>\n<p><strong>There are 4 railway stations in Beijing, You can easily recognize them from the station&#8217;s name shown on your train tickets:<\/strong><\/p>\n<p>&nbsp;<\/p>\n<p><strong>1\uff0cBeijing Railway Station ( Beijing )<\/strong><\/p>\n<p><a href=\"http:\/\/www.orange-transfer.com\/wp-content\/uploads\/2017\/01\/hc1.jpg\"><img decoding=\"async\" loading=\"lazy\" class=\"alignnone size-full wp-image-96\" src=\"http:\/\/www.orange-transfer.com\/wp-content\/uploads\/2017\/01\/hc1.jpg\" alt=\"\" width=\"535\" height=\"278\" srcset=\"https:\/\/www.orange-transfer.com\/wp-content\/uploads\/2017\/01\/hc1.jpg 535w, https:\/\/www.orange-transfer.com\/wp-content\/uploads\/2017\/01\/hc1-300x156.jpg 300w\" sizes=\"(max-width: 535px) 100vw, 535px\" \/><\/a><br \/>\n<strong>Add:<\/strong> Beijing Zhan Jie, Dongcheng District ( centrally located just south of Beijing International Hotel) Tel: 51019999<br \/>\n<strong>The trains departing from Beijing Railway Station:<\/strong> Datong, Chengde, Hohhot, Harbin, Shenyang, Dalian, Qingdao, Jinan, Shanghai, Nanjing Hangzhou and other cities from this station. Some international lines ( namely the railway line linking Beijing to Pyongyang, North Korea (DPRK), amongst others), also depart from this station.<br \/>\n<strong>2\uff0cBeijing West Railway Station ( Beijing West )<\/strong><\/p>\n<p><a href=\"http:\/\/www.orange-transfer.com\/wp-content\/uploads\/2017\/01\/bjx-2.jpg\"><img decoding=\"async\" loading=\"lazy\" class=\"alignnone size-full wp-image-118\" src=\"http:\/\/www.orange-transfer.com\/wp-content\/uploads\/2017\/01\/bjx-2.jpg\" alt=\"\" width=\"533\" height=\"278\" srcset=\"https:\/\/www.orange-transfer.com\/wp-content\/uploads\/2017\/01\/bjx-2.jpg 533w, https:\/\/www.orange-transfer.com\/wp-content\/uploads\/2017\/01\/bjx-2-300x156.jpg 300w\" sizes=\"(max-width: 533px) 100vw, 533px\" \/><\/a><br \/>\n<strong>Address:<\/strong> Lianhuachi Donglu, Fengtai District ( just south of Military Museum of the Chinese People&#8217;s Revolution\uff09Tel: 51826253<br \/>\n<strong>The trains departing from Beijing West Railway Station:<\/strong> Xian, Luoyang, Chongqing, Chengdu, Lhasa, Urumqi, Guangzhou and Kowloon.<\/p>\n<p>&nbsp;<\/p>\n<p><strong>3\uff0cBeijing South Railway Station ( Beijing South )<\/strong><\/p>\n<p><a href=\"http:\/\/www.orange-transfer.com\/wp-content\/uploads\/2017\/01\/bjn-2.jpg\"><img decoding=\"async\" loading=\"lazy\" class=\"alignnone size-full wp-image-98\" src=\"http:\/\/www.orange-transfer.com\/wp-content\/uploads\/2017\/01\/bjn-2.jpg\" alt=\"\" width=\"533\" height=\"274\" srcset=\"https:\/\/www.orange-transfer.com\/wp-content\/uploads\/2017\/01\/bjn-2.jpg 533w, https:\/\/www.orange-transfer.com\/wp-content\/uploads\/2017\/01\/bjn-2-300x154.jpg 300w\" sizes=\"(max-width: 533px) 100vw, 533px\" \/><\/a><br \/>\n<strong>Address:<\/strong> Yongdingmenwai Dajie, Dongcheng District ( just south of the southern second ring road) Tel: 51867999<br \/>\n<strong>The trains departing from Beijing South Railway Station:<\/strong> serving as the terminus for high-speed trains to Tianjin, Jinan, Shanghai, Qingdao and other cities.<\/p>\n<p>&nbsp;<\/p>\n<p><strong>4\uff0cBeijing North Railway Station ( Beijing North )<\/strong><\/p>\n<p><a href=\"http:\/\/www.orange-transfer.com\/wp-content\/uploads\/2017\/01\/bjb-1.jpg\"><img decoding=\"async\" loading=\"lazy\" class=\"alignnone size-full wp-image-97\" src=\"http:\/\/www.orange-transfer.com\/wp-content\/uploads\/2017\/01\/bjb-1.jpg\" alt=\"\" width=\"534\" height=\"276\" srcset=\"https:\/\/www.orange-transfer.com\/wp-content\/uploads\/2017\/01\/bjb-1.jpg 534w, https:\/\/www.orange-transfer.com\/wp-content\/uploads\/2017\/01\/bjb-1-300x155.jpg 300w\" sizes=\"(max-width: 534px) 100vw, 534px\" \/><\/a><br \/>\n<strong>Add:<\/strong> Xizhimen, Xicheng District (just to the east of Beijing Zoo.) Tel: 51866223<br \/>\n<strong>The trains departing from Beijing North Railway Station:<\/strong> offering regular intercity train services to the north and northwest, including the Huhhot-Manzhouli Grasslands Express (K274\/K275\/K277). It is also the southern terminus for the S2 Trains of from the downtown Beijing to Badaling Great Wall.<\/p>\n<p>&nbsp;<\/p>\n<h3><strong>FAQ sur les services de transfert<\/strong><\/h3>\n<h4><strong>Que faire si mon vol est retard\u00e9 ?<\/strong><\/h4>\n<ol>\n<li>Nous suivons de pr\u00e8s le statut de votre vol. Nous confirmons vos informations d&#039;embarquement aupr\u00e8s de la compagnie a\u00e9rienne une heure apr\u00e8s le d\u00e9part pr\u00e9vu. Nous recevons alors la confirmation de votre embarquement et de la ponctualit\u00e9 de votre vol.<\/li>\n<\/ol>\n<ol start=\"2\">\n<li>Gr\u00e2ce \u00e0 une application mobile, notre personnel op\u00e9rationnel et notre guide v\u00e9rifient l&#039;heure d&#039;arriv\u00e9e le jour m\u00eame. Nous utilisons un suivi des vols en temps r\u00e9el. Notre guide sera au terminal 10 minutes avant votre arriv\u00e9e, et vous disposerez d&#039;un minimum de 30 minutes \u00e0 1 heure apr\u00e8s votre arriv\u00e9e pour passer la douane et r\u00e9cup\u00e9rer vos bagages.<\/li>\n<\/ol>\n<p>Application mobile pour les informations de vol en temps r\u00e9el<\/p>\n<p><strong>Que se passe-t-il si l\u2019heure d\u2019arriv\u00e9e de mon vol est plus t\u00f4t ou plus tard ?<\/strong><\/p>\n<p>Pour tout vol arrivant avant 6h ou apr\u00e8s 22h, nous proposons uniquement un service de transfert avec chauffeur. Nos chauffeurs sont exp\u00e9riment\u00e9s et parlent un peu anglais. Pour faciliter la communication entre vous et le chauffeur, nous avons con\u00e7u une notice d&#039;instructions bilingue, fournie par le chauffeur, avec une s\u00e9rie de questions et r\u00e9ponses en chinois et en anglais. Un traducteur est \u00e9galement disponible en appelant l&#039;un de nos contacts d&#039;urgence. Nous ferons de notre mieux pour r\u00e9soudre votre probl\u00e8me sur-le-champ.<\/p>\n<p><strong>Quel poids puis-je emporter en Chine\u00a0? Et combien devrais-je payer pour un poids suppl\u00e9mentaire\u00a0?<\/strong><\/p>\n<p>La franchise de poids habituelle pour les vols internationaux varie de 20 \u00e0 40 kg. Pour les vols int\u00e9rieurs, elle est de 20 kg. En cas de poids suppl\u00e9mentaire, des frais de 1,51 TP3T du prix total du billet seront appliqu\u00e9s par kilo suppl\u00e9mentaire. Veuillez vous renseigner aupr\u00e8s de votre compagnie a\u00e9rienne. De plus, si vous transportez des bagages exc\u00e9dentaires ou surdimensionn\u00e9s, nous vous recommandons de nous en informer afin que nous puissions prendre les dispositions n\u00e9cessaires si une attention particuli\u00e8re est n\u00e9cessaire pour vos bagages (bagages surdimensionn\u00e9s).<\/p>\n<p><strong>Que dois-je faire si mon visa pour la Chine expire ?<\/strong><\/p>\n<p>Pas de panique si votre visa chinois arrive \u00e0 expiration\u00a0! Il vous suffit de nous en informer et de demander \u00e0 votre guide de vous accompagner au Bureau d&#039;administration des entr\u00e9es et sorties de P\u00e9kin pour prolonger votre visa. Notre bureau local \u00e0 P\u00e9kin peut vous fournir un document prouvant votre statut de touriste et votre date de d\u00e9part. La proc\u00e9dure prend g\u00e9n\u00e9ralement trois jours ouvr\u00e9s.<\/p>\n<p>La zone de prise en charge et de d\u00e9pose \u00e0 l&#039;h\u00f4tel doit se trouver sur le p\u00e9riph\u00e9rique central de P\u00e9kin. Pour les trajets plus longs, un suppl\u00e9ment peut s&#039;appliquer. Votre conseiller voyages vous en informera.<\/p>\n<p>Si nous ne sommes pas en mesure de respecter les termes et conditions du contrat en raison d&#039;une guerre, d&#039;une inondation, d&#039;un typhon, d&#039;un incendie, d&#039;une gr\u00e8ve, d&#039;une temp\u00eate, d&#039;un tremblement de terre ou de tout autre \u00e9v\u00e9nement impr\u00e9vu, nous en informerons nos clients dans les meilleurs d\u00e9lais et leur proposerons les meilleures solutions. La facture finale sera \u00e9tablie sur la base des prestations r\u00e9ellement fournies.<\/p>\n<ul>\n<li><strong>Jusqu&#039;\u00e0 7 jours avant le d\u00e9part :<\/strong> Remboursement 100% de toutes les sommes vers\u00e9es, \u00e0 l&#039;exclusion des p\u00e9nalit\u00e9s appliqu\u00e9es par les h\u00f4tels, les compagnies ferroviaires, les compagnies a\u00e9riennes et PayPal, le cas \u00e9ch\u00e9ant. Toutes les p\u00e9nalit\u00e9s seront d\u00e9taill\u00e9es.<\/li>\n<li><strong>De 3 \u00e0 7 jours avant le d\u00e9part :<\/strong> Remboursement 90%, hors p\u00e9nalit\u00e9s appliqu\u00e9es par les h\u00f4tels, les compagnies ferroviaires, les compagnies a\u00e9riennes et PayPal, le cas \u00e9ch\u00e9ant. Toutes les p\u00e9nalit\u00e9s seront d\u00e9taill\u00e9es.<\/li>\n<li><strong>Dans les 3 jours avant le d\u00e9part :<\/strong> aucun remboursement.<\/li>\n<\/ul>\n<p>Nous regrettons de ne pouvoir rembourser aucun montant apr\u00e8s le d\u00e9but du voyage pour les services annul\u00e9s en raison d&#039;une non-participation, d&#039;un d\u00e9part anticip\u00e9, d&#039;une arriv\u00e9e tardive ou de jours manqu\u00e9s sur les voyages.<\/p>\n<ul>\n<li><strong>Pour les groupes de plus de 10 personnes :<\/strong> Cette situation est trait\u00e9e au cas par cas. Veuillez consulter votre conseiller voyages pour conna\u00eetre les conditions d&#039;annulation applicables \u00e0 votre groupe.<\/li>\n<\/ul>\n<p><strong>Ce qui nous rend diff\u00e9rent :<\/strong><\/p>\n<p>Nous organiserons votre guide d\u00e8s que votre visite sera confirm\u00e9e. Avant votre d\u00e9part, nous vous enverrons ses coordonn\u00e9es et des photos. Vous pouvez l&#039;appeler avant le d\u00e9part si vous le souhaitez.<\/p>\n<p><strong>Confiant et fiable<\/strong><\/p>\n<p>Nous mettons \u00e0 la disposition de nos clients des chauffeurs comp\u00e9tents et fiables, habitu\u00e9s aux trajets vers des destinations touristiques, des h\u00f4tels et des restaurants.<\/p>\n<p><strong>\u00c0 propos de nos v\u00e9hicules<\/strong><\/p>\n<p>Nos v\u00e9hicules sont homologu\u00e9s et enregistr\u00e9s par l&#039;administration du tourisme de P\u00e9kin.<\/p>\n<p>Notre v\u00e9hicule sera enti\u00e8rement \u00e9quip\u00e9 du Wi-Fi, d&#039;un si\u00e8ge b\u00e9b\u00e9 si n\u00e9cessaire, d&#039;un GPS et d&#039;un logiciel d&#039;info-trafic. Pour gagner du temps et \u00e9viter les embouteillages, notre logiciel d&#039;info-trafic fournira \u00e0 votre conducteur un aper\u00e7u de la situation.<\/p>\n<p>Nous rempla\u00e7ons nos v\u00e9hicules de tourn\u00e9e tous les 4 ans, ainsi votre v\u00e9hicule de tourn\u00e9e aura moins de 2 ans.<\/p>\n<p>Afin de vous donner une id\u00e9e de votre voiture de tourn\u00e9e, nous vous enverrons des photos de notre voiture de tourn\u00e9e avant votre d\u00e9part.<\/p>\n<p>Tous nos v\u00e9hicules sont assur\u00e9s et chaque si\u00e8ge est couvert jusqu&#039;\u00e0 50 000 RMB.<\/p>\n<p><strong>S\u00fbr et confortable<\/strong><\/p>\n<p>Nous sommes exp\u00e9riment\u00e9s dans la gestion des situations impr\u00e9vues, comme la recherche de bagages perdus, les probl\u00e8mes de visa, etc. Notre guide et notre chauffeur sont sympathiques, enthousiastes et pr\u00eats \u00e0 vous aider\u00a0! N&#039;h\u00e9sitez pas \u00e0 contacter votre guide si vous avez besoin d&#039;aide.<\/p>\n<p>Notre base \u00e0 P\u00e9kin dispose de plus de 50 employ\u00e9s locaux exp\u00e9riment\u00e9s pour r\u00e9soudre vos probl\u00e8mes sur place.<\/p>","protected":false},"excerpt":{"rendered":"<p>\u00a0 Transfers to &amp; from Beijing Airport starting from 25usd\/person Meet &amp; Greet \/ Waiting &amp; Parking \/ Flight Tracking included Driver dress in formal, Well behaved, with clean car and reliable service everytime Book a taxi within minutes and pay by cash or card (online) Affordable prices and value for money on each occasion [&hellip;]<\/p>","protected":false},"author":1,"featured_media":0,"parent":0,"menu_order":0,"comment_status":"closed","ping_status":"closed","template":"","meta":[],"_links":{"self":[{"href":"https:\/\/www.orange-transfer.com\/fr\/wp-json\/wp\/v2\/pages\/75"}],"collection":[{"href":"https:\/\/www.orange-transfer.com\/fr\/wp-json\/wp\/v2\/pages"}],"about":[{"href":"https:\/\/www.orange-transfer.com\/fr\/wp-json\/wp\/v2\/types\/page"}],"author":[{"embeddable":true,"href":"https:\/\/www.orange-transfer.com\/fr\/wp-json\/wp\/v2\/users\/1"}],"replies":[{"embeddable":true,"href":"https:\/\/www.orange-transfer.com\/fr\/wp-json\/wp\/v2\/comments?post=75"}],"version-history":[{"count":1,"href":"https:\/\/www.orange-transfer.com\/fr\/wp-json\/wp\/v2\/pages\/75\/revisions"}],"predecessor-version":[{"id":11687,"href":"https:\/\/www.orange-transfer.com\/fr\/wp-json\/wp\/v2\/pages\/75\/revisions\/11687"}],"wp:attachment":[{"href":"https:\/\/www.orange-transfer.com\/fr\/wp-json\/wp\/v2\/media?parent=75"}],"curies":[{"name":"wp","href":"https:\/\/api.w.org\/{rel}","templated":true}]}}