{"id":8912,"date":"2023-08-30T16:55:23","date_gmt":"2023-08-30T08:55:23","guid":{"rendered":"https:\/\/www.orange-transfer.com\/product\/64ef03fb398be\/"},"modified":"2025-01-03T22:22:38","modified_gmt":"2025-01-03T14:22:38","slug":"6777f2ae44d42","status":"publish","type":"product","link":"https:\/\/www.orange-transfer.com\/fr\/produit\/6777f2ae44d42\/","title":{"rendered":"Transfert priv\u00e9 du port de croisi\u00e8re de Wusongkou de Shanghai \u00e0 la gare de Hongqiao"},"content":{"rendered":"","protected":false},"excerpt":{"rendered":"","protected":false},"featured_media":7908,"comment_status":"closed","ping_status":"closed","template":"","meta":[],"product_cat":[],"product_tag":[],"_links":{"self":[{"href":"https:\/\/www.orange-transfer.com\/fr\/wp-json\/wp\/v2\/product\/8912"}],"collection":[{"href":"https:\/\/www.orange-transfer.com\/fr\/wp-json\/wp\/v2\/product"}],"about":[{"href":"https:\/\/www.orange-transfer.com\/fr\/wp-json\/wp\/v2\/types\/product"}],"replies":[{"embeddable":true,"href":"https:\/\/www.orange-transfer.com\/fr\/wp-json\/wp\/v2\/comments?post=8912"}],"wp:featuredmedia":[{"embeddable":true,"href":"https:\/\/www.orange-transfer.com\/fr\/wp-json\/wp\/v2\/media\/7908"}],"wp:attachment":[{"href":"https:\/\/www.orange-transfer.com\/fr\/wp-json\/wp\/v2\/media?parent=8912"}],"wp:term":[{"taxonomy":"product_cat","embeddable":true,"href":"https:\/\/www.orange-transfer.com\/fr\/wp-json\/wp\/v2\/product_cat?post=8912"},{"taxonomy":"product_tag","embeddable":true,"href":"https:\/\/www.orange-transfer.com\/fr\/wp-json\/wp\/v2\/product_tag?post=8912"}],"curies":[{"name":"wp","href":"https:\/\/api.w.org\/{rel}","templated":true}]}}