{"id":134,"date":"2017-01-08T05:23:55","date_gmt":"2017-01-07T21:23:55","guid":{"rendered":"http:\/\/orange-transfer.com\/?page_id=134"},"modified":"2025-01-13T18:36:00","modified_gmt":"2025-01-13T10:36:00","slug":"about-us","status":"publish","type":"page","link":"https:\/\/www.orange-transfer.com\/it\/chi-siamo\/","title":{"rendered":"CHI SIAMO"},"content":{"rendered":"<h3>Mr Orange Trasferimenti e Tour:<\/h3>\n<div><\/div>\n<div><\/div>\n<div>Mr Orange Transfer \u00e8 un&#039;azienda di servizi limousine professionale. Il nostro obiettivo \u00e8 creare un servizio di trasferimento innovativo ed efficiente, offrendo un prodotto di qualit\u00e0 che soddisfi le vostre esigenze, senza gravare sul vostro portafoglio. Abbiamo analizzato oltre 1000 recensioni sui servizi di trasferimento e abbiamo fornito con successo la soluzione ai problemi pi\u00f9 frequenti nei trasferimenti in taxi.<\/div>\n<div><\/div>\n<div><\/div>\n<div><\/div>\n<div><strong>1. I servizi di trasferimento sono costosi.<\/strong><\/div>\n<div>Non spendiamo un centesimo in pubblicit\u00e0 sui motori di ricerca per rendere il nostro prezzo 20% pi\u00f9 economico rispetto ai concorrenti. Tutti i nostri clienti ci contattano tramite passaparola.<\/div>\n<div><\/div>\n<div><\/div>\n<div><\/div>\n<div><strong>2. L&#039;autista non si presenta all&#039;aeroporto<\/strong><\/div>\n<div>I nostri autisti sono tenuti a segnalare il loro lavoro tramite cinque semplici procedure sull&#039;app ogni volta che lo effettuano, in modo da sapere esattamente dove si trovano. Ci assicuriamo che, quando uscite dall&#039;aeroporto, vediate il vostro autista per la prima volta.<\/div>\n<div><\/div>\n<div><\/div>\n<div><\/div>\n<div><strong>3. L&#039;auto \u00e8 sporca e puzza di fumo.<\/strong><\/div>\n<div>Questo non accadr\u00e0 mai alle nostre auto, se dovesse succedere, scatta una foto del posto sporco e inviacela via email. Ti rimborseremo immediatamente l&#039;intero importo.<\/div>\n<div><\/div>\n<div><\/div>\n<div><\/div>\n<div><strong>4. L&#039;autista \u00e8 maleducato e fa pagare troppo al cliente<\/strong><\/div>\n<div>Questo non ti accadr\u00e0 mai, il nostro autista ha seguito un programma di formazione di 100 ore, veste sempre in modo formale e si comporta in modo educato. Inoltre, i nostri prezzi sono all-inclusive.<\/div>\n<div><\/div>\n<div><\/div>\n<div><\/div>\n<div><strong>5. Il mio volo era in ritardo, l&#039;autista non era presente quando sono uscito.<\/strong><\/div>\n<div>Questo non ti accadr\u00e0 mai, tutti i nostri autisti e il personale operativo sono dotati di un&#039;APP di tracciamento del volo e confermeranno due volte l&#039;orario di arrivo il giorno stesso.<\/div>","protected":false},"excerpt":{"rendered":"<p>Mr orange Transfers and Tours: Mr orange transfer is a professional limo service company&nbsp;, We aim on creating a new and nice&nbsp;transfer service, offering a good product that meets your needs, but doesn&#8217;t tear a hole in your pocket. We study&nbsp;on 1000+ reviews on transfer service and have successfully provided the solution to those problems [&hellip;]<\/p>","protected":false},"author":1,"featured_media":196,"parent":0,"menu_order":0,"comment_status":"closed","ping_status":"closed","template":"","meta":[],"_links":{"self":[{"href":"https:\/\/www.orange-transfer.com\/it\/wp-json\/wp\/v2\/pages\/134"}],"collection":[{"href":"https:\/\/www.orange-transfer.com\/it\/wp-json\/wp\/v2\/pages"}],"about":[{"href":"https:\/\/www.orange-transfer.com\/it\/wp-json\/wp\/v2\/types\/page"}],"author":[{"embeddable":true,"href":"https:\/\/www.orange-transfer.com\/it\/wp-json\/wp\/v2\/users\/1"}],"replies":[{"embeddable":true,"href":"https:\/\/www.orange-transfer.com\/it\/wp-json\/wp\/v2\/comments?post=134"}],"version-history":[{"count":3,"href":"https:\/\/www.orange-transfer.com\/it\/wp-json\/wp\/v2\/pages\/134\/revisions"}],"predecessor-version":[{"id":20272,"href":"https:\/\/www.orange-transfer.com\/it\/wp-json\/wp\/v2\/pages\/134\/revisions\/20272"}],"wp:featuredmedia":[{"embeddable":true,"href":"https:\/\/www.orange-transfer.com\/it\/wp-json\/wp\/v2\/media\/196"}],"wp:attachment":[{"href":"https:\/\/www.orange-transfer.com\/it\/wp-json\/wp\/v2\/media?parent=134"}],"curies":[{"name":"wp","href":"https:\/\/api.w.org\/{rel}","templated":true}]}}