{"id":75,"date":"2017-01-05T09:01:06","date_gmt":"2017-01-05T01:01:06","guid":{"rendered":"http:\/\/orange-transfer.com\/?page_id=75"},"modified":"2017-01-07T13:17:14","modified_gmt":"2017-01-07T05:17:14","slug":"beijing-train-station-transfer","status":"publish","type":"page","link":"https:\/\/www.orange-transfer.com\/it\/trasferimento-alla-stazione-ferroviaria-di-pechino-2\/","title":{"rendered":"Trasferimento alla stazione ferroviaria di Pechino"},"content":{"rendered":"<h3>\u00a0<a href=\"http:\/\/www.orange-transfer.com\/wp-content\/uploads\/2017\/01\/123da.png\"><img decoding=\"async\" loading=\"lazy\" class=\"alignnone size-full wp-image-120\" src=\"http:\/\/www.orange-transfer.com\/wp-content\/uploads\/2017\/01\/123da.png\" alt=\"\" width=\"1187\" height=\"422\" srcset=\"https:\/\/www.orange-transfer.com\/wp-content\/uploads\/2017\/01\/123da.png 1187w, https:\/\/www.orange-transfer.com\/wp-content\/uploads\/2017\/01\/123da-600x213.png 600w, https:\/\/www.orange-transfer.com\/wp-content\/uploads\/2017\/01\/123da-300x107.png 300w, https:\/\/www.orange-transfer.com\/wp-content\/uploads\/2017\/01\/123da-768x273.png 768w, https:\/\/www.orange-transfer.com\/wp-content\/uploads\/2017\/01\/123da-1024x364.png 1024w\" sizes=\"(max-width: 1187px) 100vw, 1187px\" \/><\/a><\/h3>\n<p><a href=\"http:\/\/www.orange-transfer.com\/wp-content\/uploads\/2017\/01\/hook.png\"><img decoding=\"async\" loading=\"lazy\" class=\"alignnone size-full wp-image-36\" src=\"http:\/\/www.orange-transfer.com\/wp-content\/uploads\/2017\/01\/hook.png\" alt=\"\" width=\"31\" height=\"34\" \/><\/a>Trasferimenti da e per l&#039;aeroporto di Pechino a partire da 25 USD\/persona<\/p>\n<p><a href=\"http:\/\/www.orange-transfer.com\/wp-content\/uploads\/2017\/01\/hook.png\"><img decoding=\"async\" loading=\"lazy\" class=\"alignnone size-full wp-image-36\" src=\"http:\/\/www.orange-transfer.com\/wp-content\/uploads\/2017\/01\/hook.png\" alt=\"\" width=\"31\" height=\"34\" \/><\/a>Meet &amp; Greet \/ Attesa e Parcheggio \/ Monitoraggio del volo inclusi<\/p>\n<p><a href=\"http:\/\/www.orange-transfer.com\/wp-content\/uploads\/2017\/01\/hook.png\"><img decoding=\"async\" loading=\"lazy\" class=\"alignnone size-full wp-image-36\" src=\"http:\/\/www.orange-transfer.com\/wp-content\/uploads\/2017\/01\/hook.png\" alt=\"\" width=\"31\" height=\"34\" \/><\/a>L&#039;autista si veste in modo formale, \u00e8 educato, l&#039;auto \u00e8 pulita e il servizio \u00e8 affidabile in ogni momento.<\/p>\n<p><a href=\"http:\/\/www.orange-transfer.com\/wp-content\/uploads\/2017\/01\/hook.png\"><img decoding=\"async\" loading=\"lazy\" class=\"alignnone size-full wp-image-36\" src=\"http:\/\/www.orange-transfer.com\/wp-content\/uploads\/2017\/01\/hook.png\" alt=\"\" width=\"31\" height=\"34\" \/><\/a>Prenota un taxi in pochi minuti e paga in contanti o con carta (online)<\/p>\n<p><a href=\"http:\/\/www.orange-transfer.com\/wp-content\/uploads\/2017\/01\/hook.png\"><img decoding=\"async\" loading=\"lazy\" class=\"alignnone size-full wp-image-36\" src=\"http:\/\/www.orange-transfer.com\/wp-content\/uploads\/2017\/01\/hook.png\" alt=\"\" width=\"31\" height=\"34\" \/><\/a>Prezzi accessibili e rapporto qualit\u00e0-prezzo in ogni occasione<\/p>\n<p><a href=\"http:\/\/www.orange-transfer.com\/wp-content\/uploads\/2017\/01\/hook.png\"><img decoding=\"async\" loading=\"lazy\" class=\"alignnone size-full wp-image-36\" src=\"http:\/\/www.orange-transfer.com\/wp-content\/uploads\/2017\/01\/hook.png\" alt=\"\" width=\"31\" height=\"34\" \/><\/a>Veicoli disponibili fino a 8 passeggeri + bagagli<\/p>\n<p>&nbsp;<\/p>\n<p><img decoding=\"async\" loading=\"lazy\" class=\"alignnone size-full wp-image-22\" src=\"http:\/\/www.orange-transfer.com\/wp-content\/uploads\/2017\/01\/new2.png\" alt=\"\" width=\"800\" height=\"300\" srcset=\"https:\/\/www.orange-transfer.com\/wp-content\/uploads\/2017\/01\/new2.png 800w, https:\/\/www.orange-transfer.com\/wp-content\/uploads\/2017\/01\/new2-600x225.png 600w, https:\/\/www.orange-transfer.com\/wp-content\/uploads\/2017\/01\/new2-300x113.png 300w, https:\/\/www.orange-transfer.com\/wp-content\/uploads\/2017\/01\/new2-768x288.png 768w\" sizes=\"(max-width: 800px) 100vw, 800px\" \/><\/p>\n<p>Siamo orgogliosi di essere l&#039;UNICA agenzia di viaggi locale di Pechino che offre un servizio di trasferimento aeroportuale e ferroviario sicuro, affidabile, veloce e sereno, con un servizio clienti attivo 24 ore su 24, 7 giorni su 7. Non solo assistiamo i nostri clienti nella comunicazione con il personale dell&#039;hotel e dell&#039;aeroporto, ma siamo anche efficienti nella gestione di imprevisti come bagagli smarriti, problemi con i visti e molto altro. In caso di smarrimento del bagaglio, potete stare tranquilli: avvieremo immediatamente una ricerca per ritrovarlo.<\/p>\n<p>Scegli noi e inizia il tuo viaggio in Cina in modo eccezionale!\u201d<\/p>\n<p>&nbsp;<\/p>\n<h3>\u00a0Come possiamo garantire che i nostri servizi siano sempre affidabili e puntuali:<\/h3>\n<p>&nbsp;<\/p>\n<p><strong>1. Ai nostri autisti viene chiesto ogni volta di segnalare il proprio lavoro in 5 procedure tramite l&#039;app WeChat.<\/strong><\/p>\n<p><a href=\"http:\/\/www.orange-transfer.com\/wp-content\/uploads\/2017\/01\/wechat-1.png\"><img decoding=\"async\" loading=\"lazy\" class=\"alignnone wp-image-70 size-large\" src=\"http:\/\/www.orange-transfer.com\/wp-content\/uploads\/2017\/01\/wechat-1-1024x262.png\" width=\"1024\" height=\"262\" srcset=\"https:\/\/www.orange-transfer.com\/wp-content\/uploads\/2017\/01\/wechat-1-1024x262.png 1024w, https:\/\/www.orange-transfer.com\/wp-content\/uploads\/2017\/01\/wechat-1-600x154.png 600w, https:\/\/www.orange-transfer.com\/wp-content\/uploads\/2017\/01\/wechat-1-300x77.png 300w, https:\/\/www.orange-transfer.com\/wp-content\/uploads\/2017\/01\/wechat-1-768x197.png 768w, https:\/\/www.orange-transfer.com\/wp-content\/uploads\/2017\/01\/wechat-1.png 1835w\" sizes=\"(max-width: 1024px) 100vw, 1024px\" \/><\/a><\/p>\n<p>&nbsp;<\/p>\n<p><strong>2. Prima di arrivare a Pechino, ti forniremo le seguenti informazioni:<\/strong><\/p>\n<p>Nome dell&#039;autista<\/p>\n<p>Foto dell&#039;autista<\/p>\n<p>Numero di contatto dell&#039;autista<\/p>\n<p>Numero di targa del veicolo<\/p>\n<p>Marchio del veicolo<\/p>\n<p>Capacit\u00e0 per clienti e lingue<\/p>\n<p>Mappa elettronica di Pechino<\/p>\n<p>Istruzioni per la stazione ferroviaria di Pechino<\/p>\n<p>&nbsp;<\/p>\n<h3>Itinerario:<\/h3>\n<p><strong>Arrivo a Pechino<\/strong><\/p>\n<p>All&#039;arrivo all&#039;aeroporto o alla stazione ferroviaria di Pechino, recatevi al punto indicato in figura. L\u00ec incontrerete il nostro autista. Nel caso in cui non riusciate a vederlo (non \u00e8 mai successo prima), vi consigliamo vivamente di provare la seguente procedura per contattarci. Faremo del nostro meglio per risolvere il vostro problema sul posto.<\/p>\n<p>Recatevi allo sportello informazioni di fronte all&#039;uscita del terminal (il personale parla inglese ed \u00e8 sempre pronto ad aiutarvi) e chiedete di telefonare alla vostra guida.<\/p>\n<p>Chiama la nostra linea di emergenza attiva 24 ore su 24, 7 giorni su 7, indicata nella lettera di conferma, e chiedi assistenza.<\/p>\n<p>&nbsp;<\/p>\n<h3>Il cartello di benvenuto Mr Orange \u00e8 quello pi\u00f9 distintivo tra la folla di persone in attesa, e lo riconoscerai immediatamente:<\/h3>\n<p><a href=\"http:\/\/www.orange-transfer.com\/wp-content\/uploads\/2017\/01\/wait.png\"><img decoding=\"async\" loading=\"lazy\" class=\"alignnone size-full wp-image-40\" src=\"http:\/\/www.orange-transfer.com\/wp-content\/uploads\/2017\/01\/wait.png\" alt=\"\" width=\"800\" height=\"400\" srcset=\"https:\/\/www.orange-transfer.com\/wp-content\/uploads\/2017\/01\/wait.png 800w, https:\/\/www.orange-transfer.com\/wp-content\/uploads\/2017\/01\/wait-600x300.png 600w, https:\/\/www.orange-transfer.com\/wp-content\/uploads\/2017\/01\/wait-300x150.png 300w, https:\/\/www.orange-transfer.com\/wp-content\/uploads\/2017\/01\/wait-768x384.png 768w\" sizes=\"(max-width: 800px) 100vw, 800px\" \/><\/a><\/p>\n<p><strong>Servizio di autista e guida<\/strong><\/p>\n<p>Il nostro autista pu\u00f2 accompagnarvi al bagno e al cambio valuta pi\u00f9 vicini. Chiedete alla guida se avete bisogno di cambiare valuta in yuan cinesi locali.<\/p>\n<p>In hotel\/aeroporto, l&#039;autista ti aiuter\u00e0 con i bagagli e con le formalit\u00e0 di check-in.<\/p>\n<p>I bagagliai dei nostri veicoli sono sufficientemente spaziosi per contenere i vostri bagagli.<\/p>\n<p>I nostri veicoli sono dotati di Wi-Fi, GPS e seggiolino per bambini. Chiedete al vostro autista se ne avete bisogno.<\/p>\n<p>Vi verr\u00e0 concesso un breve tempo per andare in camera e rinfrescarvi, dopodich\u00e9 la vostra guida vi accompagner\u00e0 in un tour introduttivo facoltativo di 30 minuti del vostro hotel. Durante questo breve tour, la guida vi suggerir\u00e0 i migliori ristoranti e negozi. Li segnaler\u00e0 sulla vostra mappa, cos\u00ec potrete poi raggiungere facilmente questi luoghi in autonomia.<\/p>\n<p><strong>\u00a0<\/strong><\/p>\n<p><strong>I nostri veicoli:<\/strong><\/p>\n<p>I nostri veicoli sono dotati di sistema GPS e dispositivo WI-FI in auto.<\/p>\n<p>&nbsp;<\/p>\n<p><a href=\"http:\/\/www.orange-transfer.com\/wp-content\/uploads\/2017\/01\/TYPE6.png\"><img decoding=\"async\" loading=\"lazy\" class=\"alignnone size-full wp-image-84\" src=\"http:\/\/www.orange-transfer.com\/wp-content\/uploads\/2017\/01\/TYPE6.png\" alt=\"\" width=\"800\" height=\"386\" srcset=\"https:\/\/www.orange-transfer.com\/wp-content\/uploads\/2017\/01\/TYPE6.png 800w, https:\/\/www.orange-transfer.com\/wp-content\/uploads\/2017\/01\/TYPE6-600x290.png 600w, https:\/\/www.orange-transfer.com\/wp-content\/uploads\/2017\/01\/TYPE6-300x145.png 300w, https:\/\/www.orange-transfer.com\/wp-content\/uploads\/2017\/01\/TYPE6-768x371.png 768w\" sizes=\"(max-width: 800px) 100vw, 800px\" \/><\/a><\/p>\n<p>&nbsp;<\/p>\n<h3>Perch\u00e9 scegliere Mr Orange:<\/h3>\n<p>1,Confronta con<strong> ferrovia espressa<\/strong> Il nostro servizio di trasferimento \u00e8 privato e confortevole. Il nostro autista vi accoglier\u00e0 con un cartello nel punto designato. Faremo in modo che tutto sia semplice e veloce.<\/p>\n<p>2, Confronta con <strong>servizio taxi aeroportuale<\/strong> Siamo 40% pi\u00f9 economici e senza sovrapprezzo. I nostri furgoni sono confortevoli e non fumatori. Il nostro autista veste in modo formale e si comporta sempre bene. Offriamo un servizio clienti in lingua inglese 7 giorni su 7, 24 ore su 24.<\/p>\n<p>3. Confronta con <strong>bus navetta aeroportuale<\/strong> Offriamo un servizio di trasferimento privato e il cliente NON dovr\u00e0 attendere un orario di partenza fisso. Siamo alla mano, vi promettiamo di lasciarvi ovunque indichiate sulla mappa di Pechino. I nostri van sono pi\u00f9 spaziosi per voi e la vostra famiglia, rendendo tutto semplice e agevole.<\/p>\n<p>&nbsp;<\/p>\n<h3>Stazioni ferroviarie di Pechino:<\/h3>\n<p>&nbsp;<\/p>\n<p><strong>Ci sono 4 stazioni ferroviarie a Pechino. Puoi riconoscerle facilmente dal nome della stazione riportato sui biglietti del treno:<\/strong><\/p>\n<p>&nbsp;<\/p>\n<p><strong>1, Stazione ferroviaria di Pechino (Pechino)<\/strong><\/p>\n<p><a href=\"http:\/\/www.orange-transfer.com\/wp-content\/uploads\/2017\/01\/hc1.jpg\"><img decoding=\"async\" loading=\"lazy\" class=\"alignnone size-full wp-image-96\" src=\"http:\/\/www.orange-transfer.com\/wp-content\/uploads\/2017\/01\/hc1.jpg\" alt=\"\" width=\"535\" height=\"278\" srcset=\"https:\/\/www.orange-transfer.com\/wp-content\/uploads\/2017\/01\/hc1.jpg 535w, https:\/\/www.orange-transfer.com\/wp-content\/uploads\/2017\/01\/hc1-300x156.jpg 300w\" sizes=\"(max-width: 535px) 100vw, 535px\" \/><\/a><br \/>\n<strong>Aggiungere:<\/strong> Beijing Zhan Jie, distretto di Dongcheng (situato in posizione centrale, appena a sud del Beijing International Hotel) Tel: 51019999<br \/>\n<strong>I treni in partenza dalla stazione ferroviaria di Pechino:<\/strong> Da questa stazione partono anche Datong, Chengde, Hohhot, Harbin, Shenyang, Dalian, Qingdao, Jinan, Shanghai, Nanchino, Hangzhou e altre citt\u00e0. Da questa stazione partono anche alcune linee internazionali (in particolare la linea ferroviaria che collega Pechino a Pyongyang, Corea del Nord (RPDC), tra le altre).<br \/>\n<strong>2, Stazione ferroviaria di Pechino Ovest (Pechino Ovest)<\/strong><\/p>\n<p><a href=\"http:\/\/www.orange-transfer.com\/wp-content\/uploads\/2017\/01\/bjx-2.jpg\"><img decoding=\"async\" loading=\"lazy\" class=\"alignnone size-full wp-image-118\" src=\"http:\/\/www.orange-transfer.com\/wp-content\/uploads\/2017\/01\/bjx-2.jpg\" alt=\"\" width=\"533\" height=\"278\" srcset=\"https:\/\/www.orange-transfer.com\/wp-content\/uploads\/2017\/01\/bjx-2.jpg 533w, https:\/\/www.orange-transfer.com\/wp-content\/uploads\/2017\/01\/bjx-2-300x156.jpg 300w\" sizes=\"(max-width: 533px) 100vw, 533px\" \/><\/a><br \/>\n<strong>Indirizzo:<\/strong> Lianhuachi Donglu, distretto di Fengtai (appena a sud del Museo militare della rivoluzione popolare cinese) Tel: 51826253<br \/>\n<strong>I treni in partenza dalla stazione ferroviaria di Pechino Ovest:<\/strong> Xian, Luoyang, Chongqing, Chengdu, Lhasa, Urumqi, Guangzhou e Kowloon.<\/p>\n<p>&nbsp;<\/p>\n<p><strong>3, Stazione ferroviaria di Pechino Sud (Pechino Sud)<\/strong><\/p>\n<p><a href=\"http:\/\/www.orange-transfer.com\/wp-content\/uploads\/2017\/01\/bjn-2.jpg\"><img decoding=\"async\" loading=\"lazy\" class=\"alignnone size-full wp-image-98\" src=\"http:\/\/www.orange-transfer.com\/wp-content\/uploads\/2017\/01\/bjn-2.jpg\" alt=\"\" width=\"533\" height=\"274\" srcset=\"https:\/\/www.orange-transfer.com\/wp-content\/uploads\/2017\/01\/bjn-2.jpg 533w, https:\/\/www.orange-transfer.com\/wp-content\/uploads\/2017\/01\/bjn-2-300x154.jpg 300w\" sizes=\"(max-width: 533px) 100vw, 533px\" \/><\/a><br \/>\n<strong>Indirizzo:<\/strong> Yongdingmenwai Dajie, distretto di Dongcheng (appena a sud della seconda tangenziale meridionale) Tel: 51867999<br \/>\n<strong>I treni in partenza dalla stazione ferroviaria di Pechino Sud:<\/strong> funge da capolinea per i treni ad alta velocit\u00e0 diretti a Tianjin, Jinan, Shanghai, Qingdao e altre citt\u00e0.<\/p>\n<p>&nbsp;<\/p>\n<p><strong>4, Stazione ferroviaria di Pechino Nord (Pechino Nord)<\/strong><\/p>\n<p><a href=\"http:\/\/www.orange-transfer.com\/wp-content\/uploads\/2017\/01\/bjb-1.jpg\"><img decoding=\"async\" loading=\"lazy\" class=\"alignnone size-full wp-image-97\" src=\"http:\/\/www.orange-transfer.com\/wp-content\/uploads\/2017\/01\/bjb-1.jpg\" alt=\"\" width=\"534\" height=\"276\" srcset=\"https:\/\/www.orange-transfer.com\/wp-content\/uploads\/2017\/01\/bjb-1.jpg 534w, https:\/\/www.orange-transfer.com\/wp-content\/uploads\/2017\/01\/bjb-1-300x155.jpg 300w\" sizes=\"(max-width: 534px) 100vw, 534px\" \/><\/a><br \/>\n<strong>Aggiungere:<\/strong> Xizhimen, distretto di Xicheng (appena a est dello zoo di Pechino.) Tel: 51866223<br \/>\n<strong>I treni in partenza dalla stazione ferroviaria di Pechino Nord:<\/strong> Offre regolari servizi ferroviari interurbani verso nord e nord-ovest, tra cui l&#039;Huhhot-Manzhouli Grasslands Express (K274\/K275\/K277). \u00c8 anche il capolinea meridionale dei treni S2 che collegano il centro di Pechino alla Grande Muraglia di Badaling.<\/p>\n<p>&nbsp;<\/p>\n<h3><strong>Domande frequenti sui servizi di trasferimento<\/strong><\/h3>\n<h4><strong>Cosa succede se il mio volo \u00e8 in ritardo?<\/strong><\/h4>\n<ol>\n<li>Restiamo aggiornati sullo stato del tuo volo. Ci assicuriamo di confermare le informazioni di imbarco alla compagnia aerea un&#039;ora dopo la partenza prevista. Riceviamo conferma che sei a bordo e che il tuo volo \u00e8 in orario.<\/li>\n<\/ol>\n<ol start=\"2\">\n<li>Utilizzando un&#039;app per dispositivi mobili, il nostro personale operativo e la nostra guida verificano l&#039;orario di arrivo il giorno stesso. Utilizziamo un sistema di tracciamento dei voli in tempo reale. La nostra guida sar\u00e0 al terminal 10 minuti prima dell&#039;orario di arrivo e, una volta arrivati, impiegherete dai 30 minuti a un&#039;ora per espletare le formalit\u00e0 doganali e ritirare i bagagli.<\/li>\n<\/ol>\n<p>App mobile per informazioni sui voli in tempo reale<\/p>\n<p><strong>Cosa succede se il mio volo arriva in anticipo o in ritardo?<\/strong><\/p>\n<p>Per i voli in arrivo prima delle 6:00 o dopo le 22:00, offriamo solo un servizio di trasferimento con autista. I nostri autisti sono esperti e parlano un po&#039; di inglese. Per garantire una comunicazione fluida tra voi e l&#039;autista, abbiamo predisposto un foglio di istruzioni bilingue che l&#039;autista porta con s\u00e9, con una serie di domande e risposte in cinese e inglese. Inoltre, \u00e8 disponibile un servizio di traduzione, contattando uno dei nostri contatti di emergenza. Faremo del nostro meglio per risolvere il vostro problema sul posto.<\/p>\n<p><strong>Quanto peso posso portare in Cina? E quanto dovrei pagare per il peso extra?<\/strong><\/p>\n<p>Il peso consentito per i voli internazionali varia generalmente dai 20 ai 40 kg. Per i voli nazionali, il peso consentito \u00e8 di 20 kg. Per il peso extra, \u00e8 previsto un supplemento di 1,51 TP3T sul costo totale del biglietto aereo per ogni chilo in pi\u00f9. Si prega di confermare il bagaglio con la compagnia aerea. Inoltre, se si trasporta bagaglio in eccesso o di grandi dimensioni, si consiglia di informarci in merito, in modo da poter prendere le disposizioni necessarie qualora fosse necessaria una cura speciale per il bagaglio (bagaglio di grandi dimensioni).<\/p>\n<p><strong>Cosa devo fare se il mio visto per la Cina scade?<\/strong><\/p>\n<p>Non c&#039;\u00e8 bisogno di farsi prendere dal panico se il visto per la Cina sta per scadere: basta informarci e chiedere alla guida di accompagnarvi all&#039;Ufficio Amministrativo Entrate e Uscite di Pechino per estendere il visto. Il nostro ufficio locale di Pechino pu\u00f2 fornire un documento comprovante il vostro status di turista e la data di partenza. Normalmente, la procedura dovrebbe richiedere 3 giorni lavorativi.<\/p>\n<p>L&#039;area di prelievo e rientro in hotel dovrebbe trovarsi all&#039;interno della tangenziale centrale di Pechino. Per distanze maggiori, potrebbe essere previsto un costo aggiuntivo per il trasferimento. Il tuo consulente di viaggio ti invier\u00e0 una notifica a riguardo.<\/p>\n<p>Qualora non fossimo in grado di rispettare i termini e le condizioni del contratto a causa di guerra, alluvione, tifone, incendio, scioperi, tempeste, terremoti o qualsiasi altra condizione imprevista, informeremo i clienti il prima possibile e offriremo le migliori soluzioni possibili. Il conto finale sar\u00e0 calcolato in base ai servizi effettivamente offerti;<\/p>\n<ul>\n<li><strong>Fino a 7 giorni prima della partenza:<\/strong> 100% rimborso di tutte le somme versate, escluse le penali applicate da hotel, ferrovie, compagnie aeree e PayPal, se applicabili. Tutte le penali saranno dettagliate.<\/li>\n<li><strong>Da 3 a 7 giorni prima della partenza:<\/strong> Rimborso 90%, escluse le penali applicate da hotel, ferrovie, compagnie aeree e PayPal, se applicabili. Tutte le penali saranno dettagliate.<\/li>\n<li><strong>Entro 3 giorni prima della partenza:<\/strong> nessun rimborso.<\/li>\n<\/ul>\n<p>Ci dispiace ma non possiamo rimborsare alcun importo dopo l&#039;inizio del tour per servizi annullati a causa di mancata partecipazione, partenza anticipata, arrivo posticipato o giorni di tour persi.<\/p>\n<ul>\n<li><strong>Per gruppi superiori a 10 persone:<\/strong> La questione verr\u00e0 gestita caso per caso. Si prega di consultare il proprio consulente di viaggio per conoscere le condizioni di cancellazione del proprio gruppo.<\/li>\n<\/ul>\n<p><strong>Cosa ci rende diversi:<\/strong><\/p>\n<p>Provvederemo a prenotare la guida non appena il tour sar\u00e0 confermato. Prima della partenza, ti invieremo i recapiti della guida e le foto. Puoi anche chiamare la guida prima della partenza, se lo desideri.<\/p>\n<p><strong>Sicuro e affidabile<\/strong><\/p>\n<p>Offriamo ai nostri clienti autisti competenti e affidabili. I nostri autisti conoscono bene i percorsi verso destinazioni turistiche, hotel e ristoranti.<\/p>\n<p><strong>Informazioni sui nostri veicoli<\/strong><\/p>\n<p>I nostri veicoli sono autorizzati e registrati dall&#039;amministrazione turistica di Pechino.<\/p>\n<p>Il nostro veicolo sar\u00e0 completamente equipaggiato con Wi-Fi, seggiolino per bambini (se necessario), GPS e software di segnalazione del traffico. Per risparmiare tempo ed evitare congestioni, il nostro software di segnalazione del traffico fornir\u00e0 al conducente un&#039;idea della situazione del traffico lungo il percorso.<\/p>\n<p>Sostituiamo i nostri veicoli turistici ogni 4 anni, pertanto il tuo veicolo turistico avr\u00e0 meno di 2 anni.<\/p>\n<p>Per darti un&#039;idea della tua auto durante il tour, ti invieremo delle foto della nostra auto prima della partenza.<\/p>\n<p>Tutti i nostri veicoli sono assicurati e ogni posto copre fino a 50.000 RMB.<\/p>\n<p><strong>Sicuro e confortevole<\/strong><\/p>\n<p>Abbiamo esperienza nella gestione di circostanze impreviste come la ricerca di bagagli smarriti, problemi con i visti, ecc. La nostra guida turistica e il nostro autista sono cordiali, entusiasti e determinati ad assistervi! Non esitate a contattare la vostra guida se avete bisogno di aiuto.<\/p>\n<p>La nostra sede di Pechino dispone di oltre 50 dipendenti locali esperti, in grado di risolvere i vostri problemi sul posto.<\/p>","protected":false},"excerpt":{"rendered":"<p>\u00a0 Transfers to &amp; from Beijing Airport starting from 25usd\/person Meet &amp; Greet \/ Waiting &amp; Parking \/ Flight Tracking included Driver dress in formal, Well behaved, with clean car and reliable service everytime Book a taxi within minutes and pay by cash or card (online) Affordable prices and value for money on each occasion [&hellip;]<\/p>","protected":false},"author":1,"featured_media":0,"parent":0,"menu_order":0,"comment_status":"closed","ping_status":"closed","template":"","meta":[],"_links":{"self":[{"href":"https:\/\/www.orange-transfer.com\/it\/wp-json\/wp\/v2\/pages\/75"}],"collection":[{"href":"https:\/\/www.orange-transfer.com\/it\/wp-json\/wp\/v2\/pages"}],"about":[{"href":"https:\/\/www.orange-transfer.com\/it\/wp-json\/wp\/v2\/types\/page"}],"author":[{"embeddable":true,"href":"https:\/\/www.orange-transfer.com\/it\/wp-json\/wp\/v2\/users\/1"}],"replies":[{"embeddable":true,"href":"https:\/\/www.orange-transfer.com\/it\/wp-json\/wp\/v2\/comments?post=75"}],"version-history":[{"count":1,"href":"https:\/\/www.orange-transfer.com\/it\/wp-json\/wp\/v2\/pages\/75\/revisions"}],"predecessor-version":[{"id":11687,"href":"https:\/\/www.orange-transfer.com\/it\/wp-json\/wp\/v2\/pages\/75\/revisions\/11687"}],"wp:attachment":[{"href":"https:\/\/www.orange-transfer.com\/it\/wp-json\/wp\/v2\/media?parent=75"}],"curies":[{"name":"wp","href":"https:\/\/api.w.org\/{rel}","templated":true}]}}